{"id":1820,"date":"2023-04-13T09:05:37","date_gmt":"2023-04-13T07:05:37","guid":{"rendered":"https:\/\/www.malmarks.com\/?page_id=1820"},"modified":"2023-12-14T10:04:52","modified_gmt":"2023-12-14T09:04:52","slug":"startsida","status":"publish","type":"page","link":"https:\/\/www.malmarks.com\/de\/","title":{"rendered":"Startsida"},"content":{"rendered":"<div class=\"overlay high m115vh\" style= \"background-image: url(https:\/\/www.malmarks.com\/wp-content\/uploads\/Euro-BAKGRUND-SV-HEMSIDA.jpeg)\">\n\n\t<div class=\"plate\">\n\n\t\t<div class=\"inner\">\n\n\t\t\t\n\n<h2 class=\"wp-block-heading\">EUROP\u00c4ISCHE HANDWERKSKUNST<\/h2>\n\n\n\n<h1 class=\"wp-block-heading\"><strong>PRODUKTE DER ZUKUNFT<\/strong><\/h1>\n\n\n\n<p>Wir sind ein wachsendes schwedisches Familienunternehmen, das sich auf die Herstellung und den Wiederverkauf von umweltfreundlichen Kunststoffprodukten von h\u00f6chster Qualit\u00e4t spezialisiert hat.<\/p>\n\n\n\n<p>M\u00e5lmarks ist Marktf\u00fchrer in Skandinavien, wenn es um den Verkauf von Kraftstoffkanistern und Autozubeh\u00f6r geht.<\/p>\n\n\n\n<p>Mit unserer eigenen Kunststoffproduktion in der Mitte Europas sind wir zentral gelegen und liefern nach ganz Europa und dar\u00fcber hinaus.<\/p>\n\n\n\t\t<\/div>\n\n\t<\/div>\n\n<\/div>\n\n\n\n<div class=\"wp-block-genesis-blocks-gb-container greenbar gb-block-container\"><div class=\"gb-container-inside\"><div class=\"gb-container-content\">\n<div class=\"wp-block-columns inner is-layout-flex wp-container-core-columns-is-layout-9d6595d7 wp-block-columns-is-layout-flex\">\n<div class=\"wp-block-column is-layout-flow wp-block-column-is-layout-flow\">\n<figure class=\"wp-block-image size-full icon\"><img loading=\"lazy\" decoding=\"async\" width=\"200\" height=\"200\" src=\"http:\/\/www.malmarks.com\/wp-content\/uploads\/plastic-containers-white.png\" alt=\"\" class=\"wp-image-13\" srcset=\"https:\/\/www.malmarks.com\/wp-content\/uploads\/plastic-containers-white.png 200w, https:\/\/www.malmarks.com\/wp-content\/uploads\/plastic-containers-white-150x150.png 150w\" sizes=\"auto, (max-width: 200px) 100vw, 200px\" \/><\/figure>\n\n\n\n\u00dcber <span class=\"count\">7000000<\/span>\n\n\n\n<p class=\"has-text-align-center\">Kraftstoffkanister werden j\u00e4hrlich in unserer Fabrik hergestellt.<\/p>\n<\/div>\n\n\n\n<div class=\"wp-block-column is-layout-flow wp-block-column-is-layout-flow\">\n<figure class=\"wp-block-image size-full icon\"><img loading=\"lazy\" decoding=\"async\" width=\"200\" height=\"200\" src=\"http:\/\/www.malmarks.com\/wp-content\/uploads\/years-white.png\" alt=\"\" class=\"wp-image-11\" srcset=\"https:\/\/www.malmarks.com\/wp-content\/uploads\/years-white.png 200w, https:\/\/www.malmarks.com\/wp-content\/uploads\/years-white-150x150.png 150w\" sizes=\"auto, (max-width: 200px) 100vw, 200px\" \/><\/figure>\n\n\n\n\u00dcber <span class=\"count\">20<\/span> Jahre\n\n\n\n<p class=\"has-text-align-center\">Erfahrung in der Kunststoffherstellung.<\/p>\n<\/div>\n\n\n\n<div class=\"wp-block-column is-layout-flow wp-block-column-is-layout-flow\">\n<figure class=\"wp-block-image size-full icon\"><img loading=\"lazy\" decoding=\"async\" width=\"200\" height=\"200\" src=\"http:\/\/www.malmarks.com\/wp-content\/uploads\/global-white.png\" alt=\"\" class=\"wp-image-12\" srcset=\"https:\/\/www.malmarks.com\/wp-content\/uploads\/global-white.png 200w, https:\/\/www.malmarks.com\/wp-content\/uploads\/global-white-150x150.png 150w\" sizes=\"auto, (max-width: 200px) 100vw, 200px\" \/><\/figure>\n\n\n\nIn <span class=\"count\">22<\/span> L\u00e4ndern\n\n\n\n<p class=\"has-text-align-center\">weltweit finden Sie unsere zufriedenen Kunden.<\/p>\n<\/div>\n<\/div>\n<\/div><\/div><\/div>\n\n\n<div class=\"section \">\n\n\t<div class=\"inner\">\n\n\t\t\n\n<div class=\"wp-block-columns is-layout-flex wp-container-core-columns-is-layout-9d6595d7 wp-block-columns-is-layout-flex\">\n<div class=\"wp-block-column is-layout-flow wp-block-column-is-layout-flow\"><div class=\"catbox \">\n\n\t\n\t<div class=\"image\">\n\n\t\t<img decoding=\"async\" src=\"https:\/\/www.malmarks.com\/wp-content\/uploads\/Kem1-3.jpg\" \/>\n\n\t<\/div>\n\n\n\t<div class=\"cat-title\">\n\n\t\tHerstellung\n\t<\/div>\n\n\t<div class=\"cat-text\">\n\n\t\t\n\n<p>Unsere langj\u00e4hrige Erfahrung in der Kunststoffherstellung und vor allem im Blasformen erm\u00f6glicht es uns, unseren Kunden effektive Gesamtl\u00f6sungen von der Idee bis zum fertigen Produkt anzubieten.<\/p>\n\n\n\n<p><\/p>\n\n\n\n<p>Dank der Tatsache, dass wir \u00fcber eine eigene Produktion verf\u00fcgen, haben wir sowohl Einblick als auch Kontrolle, was die Qualit\u00e4t sicherstellt.<\/p>\n\n\n\t<\/div>\n\n\n\t\n<\/div>\n<\/div>\n\n\n\n<div class=\"wp-block-column is-layout-flow wp-block-column-is-layout-flow\"><div class=\"catbox \">\n\n\t\n\t<div class=\"image\">\n\n\t\t<img decoding=\"async\" src=\"https:\/\/www.malmarks.com\/wp-content\/uploads\/blandbildnever.jpg\" \/>\n\n\t<\/div>\n\n\n\t<div class=\"cat-title\">\n\n\t\tGro\u00dfhandel\n\t<\/div>\n\n\t<div class=\"cat-text\">\n\n\t\t\n\n<p>Zus\u00e4tzlich zu unseren Industriebetrieben bietet M\u00e5lmarks eine breite Palette von Produkten unter unserer eigenen, etablierten Marke &#8222;Never Stop&#8220; an.<\/p>\n\n\n\n<p>Bei M\u00e5lmarks sind wir Probleml\u00f6ser mit einem gro\u00dfen Netzwerk an Kontakten. Welches Produkt Sie auch immer suchen, wir helfen Ihnen gerne, eine L\u00f6sung zu finden. Senden Sie uns eine Anfrage und wir werden uns so schnell wie m\u00f6glich bei Ihnen melden.<\/p>\n\n\n\t<\/div>\n\n\n\t\n<\/div>\n<\/div>\n\n\n\n<div class=\"wp-block-column is-layout-flow wp-block-column-is-layout-flow\"><div class=\"catbox \">\n\n\t\n\t<div class=\"image\">\n\n\t\t<img decoding=\"async\" src=\"https:\/\/www.malmarks.com\/wp-content\/uploads\/lastbil1.jpg\" \/>\n\n\t<\/div>\n\n\n\t<div class=\"cat-title\">\n\n\t\t\u00dcber uns\n\t<\/div>\n\n\t<div class=\"cat-text\">\n\n\t\t\n\n<p>Wir sind ein Familienunternehmen, das sich in der Expansion befindet. Wir sind seit langem Marktf\u00fchrer in Skandinavien, wenn es um den Verkauf von Kraftstoffkanistern mit Zubeh\u00f6r geht, aber unser Markt liegt haupts\u00e4chlich in Europa.<\/p>\n\n\n\n<p>Wir verf\u00fcgen \u00fcber eine eigene Produktion von blasgeformten Kunststoffprodukten in Mitteleuropa und k\u00f6nnen diese einfach und schnell auf dem gesamten Kontinent vertreiben.<\/p>\n\n\n\n<p><\/p>\n\n\n\n<p><\/p>\n\n\n\t<\/div>\n\n\n\t\n<\/div>\n<\/div>\n<\/div>\n\n\n\t<\/div>\n\n<\/div>\n\n\n<div class=\"cta section \" style= \"background-image: url(https:\/\/www.malmarks.com\/wp-content\/uploads\/plast.jpeg)\">\n\n\t<div class=\"inner\">\n\n\t\t<h2>HERSTELLUNG<\/h2>\n\n\t\t\n\t\t\n\t<\/div>\n\n<\/div>\n\n\n<div class=\"section iconblock\">\n\n\t<div class=\"inner\">\n\n\t\t\n\n<div class=\"wp-block-columns is-layout-flex wp-container-core-columns-is-layout-9d6595d7 wp-block-columns-is-layout-flex\">\n<div class=\"wp-block-column is-layout-flow wp-block-column-is-layout-flow\">\n<figure class=\"wp-block-image size-full\"><img loading=\"lazy\" decoding=\"async\" width=\"200\" height=\"200\" src=\"http:\/\/www.malmarks.com\/wp-content\/uploads\/icon-years.png\" alt=\"\" class=\"wp-image-23\" srcset=\"https:\/\/www.malmarks.com\/wp-content\/uploads\/icon-years.png 200w, https:\/\/www.malmarks.com\/wp-content\/uploads\/icon-years-150x150.png 150w\" sizes=\"auto, (max-width: 200px) 100vw, 200px\" \/><\/figure>\n\n\n\n<h3 class=\"wp-block-heading\">\u00dcber 20 JAHRE ERFAHRUNG IN DER KUNSTSTOFFHERSTELLUNG<\/h3>\n\n\n\n<p>M\u00e5lmarks steht f\u00fcr Sicherheit, Qualit\u00e4t und Umweltfreundlichkeit. Wir produzieren haupts\u00e4chlich blasgeformte Kunststoffprodukte, k\u00f6nnen aber auch bei der Suche nach anderen L\u00f6sungen behilflich sein. Wir beliefern eine Vielzahl von Branchen in ganz Europa<\/p>\n<\/div>\n\n\n\n<div class=\"wp-block-column is-layout-flow wp-block-column-is-layout-flow\">\n<figure class=\"wp-block-image size-full\"><img loading=\"lazy\" decoding=\"async\" width=\"200\" height=\"137\" src=\"http:\/\/www.malmarks.com\/wp-content\/uploads\/icon-from-to.png\" alt=\"\" class=\"wp-image-24\" \/><\/figure>\n\n\n\n<h3 class=\"wp-block-heading\">Von der Idee bis zum fertigen Produkt sind wir f\u00fcr Sie da<\/h3>\n\n\n\n<p><\/p>\n\n\n\n<p><\/p>\n\n\n\n<p><\/p>\n\n\n\n<p><\/p>\n\n\n\n<p>Vom kleinsten Detail bis zum gr\u00f6\u00dften Artikel. Wir helfen Ihnen, die effizienteste L\u00f6sung f\u00fcr Ihre Fertigungsanforderungen zu finden.<\/p>\n<\/div>\n\n\n\n<div class=\"wp-block-column is-layout-flow wp-block-column-is-layout-flow\">\n<figure class=\"wp-block-image size-full\"><img loading=\"lazy\" decoding=\"async\" width=\"200\" height=\"200\" src=\"http:\/\/www.malmarks.com\/wp-content\/uploads\/icon-global.png\" alt=\"\" class=\"wp-image-25\" srcset=\"https:\/\/www.malmarks.com\/wp-content\/uploads\/icon-global.png 200w, https:\/\/www.malmarks.com\/wp-content\/uploads\/icon-global-150x150.png 150w\" sizes=\"auto, (max-width: 200px) 100vw, 200px\" \/><\/figure>\n\n\n\n<h3 class=\"wp-block-heading\">Globale PR\u00c4SENZ UND PERS\u00d6NLICHES ENGAGEMENT<\/h3>\n\n\n\n<p>Mit Schweden als Basis, unserer eigenen Fabrik in Ungarn und Niederlassungen in Brasilien und Hongkong liefern wir Qualit\u00e4tsprodukte an Kunden in \u00fcber 22 L\u00e4ndern.<\/p>\n<\/div>\n<\/div>\n\n\n\n<div class=\"wp-block-buttons is-layout-flex wp-block-buttons-is-layout-flex\">\n<div class=\"wp-block-button\"><a class=\"wp-block-button__link wp-element-button\" href=\"http:\/\/www.malmarks.com\/formblasning\/\">LESEN SIE MEHR \u00dcBER UNSERE FERTIGUNG<\/a><\/div>\n<\/div>\n\n\n\t<\/div>\n\n<\/div>\n\n\n\n<p> <\/p>\n\n\n\n<p><\/p>\n\n\n<div class=\"cta section \" style= \"background-image: url(https:\/\/www.malmarks.com\/wp-content\/uploads\/road-1.jpg)\">\n\n\t<div class=\"inner\">\n\n\t\t<h2>GRO\u00dfHANDEL<\/h2>\n\n\t\t\n\n<p>Globale Pr\u00e4senz &amp;; pers\u00f6nliches Engagement<\/p>\n\n\n\t\t\n\t<\/div>\n\n<\/div>\n\n\n<div class=\"section iconblock\">\n\n\t<div class=\"inner\">\n\n\t\t\n\n<div class=\"wp-block-columns is-layout-flex wp-container-core-columns-is-layout-9d6595d7 wp-block-columns-is-layout-flex\">\n<div class=\"wp-block-column is-layout-flow wp-block-column-is-layout-flow\">\n<figure class=\"wp-block-image size-full\"><img loading=\"lazy\" decoding=\"async\" width=\"169\" height=\"200\" src=\"http:\/\/www.malmarks.com\/wp-content\/uploads\/icon-lyhord.png\" alt=\"\" class=\"wp-image-178\" \/><\/figure>\n\n\n\n<h3 class=\"wp-block-heading\">ANSPRECHBAR<\/h3>\n\n\n\n<p>Wir haben ein offenes Ohr f\u00fcr die W\u00fcnsche und Bed\u00fcrfnisse unserer Kunden und versuchen, optimale L\u00f6sungen zu finden. Auf diese Weise k\u00f6nnen sowohl wir als auch unsere Kunden wachsen und uns weiterentwickeln.<\/p>\n<\/div>\n\n\n\n<div class=\"wp-block-column is-layout-flow wp-block-column-is-layout-flow\">\n<figure class=\"wp-block-image size-full\"><img loading=\"lazy\" decoding=\"async\" width=\"311\" height=\"200\" src=\"http:\/\/www.malmarks.com\/wp-content\/uploads\/icon-natverk.png\" alt=\"\" class=\"wp-image-179\" srcset=\"https:\/\/www.malmarks.com\/wp-content\/uploads\/icon-natverk.png 311w, https:\/\/www.malmarks.com\/wp-content\/uploads\/icon-natverk-300x193.png 300w\" sizes=\"auto, (max-width: 311px) 100vw, 311px\" \/><\/figure>\n\n\n\n<h3 class=\"wp-block-heading\">KONTACT-Netzwerk<\/h3>\n\n\n\n<p>Dank unserer Erfahrung, die bis in die 80er Jahre zur\u00fcckreicht, hatten wir lange Zeit, Kontakte zu vielen Unternehmen und Lieferanten zu kn\u00fcpfen und starke Beziehungen aufzubauen.<\/p>\n<\/div>\n\n\n\n<div class=\"wp-block-column is-layout-flow wp-block-column-is-layout-flow\">\n<figure class=\"wp-block-image size-full\"><img loading=\"lazy\" decoding=\"async\" width=\"200\" height=\"200\" src=\"http:\/\/www.malmarks.com\/wp-content\/uploads\/icon-kundservice.png\" alt=\"\" class=\"wp-image-180\" srcset=\"https:\/\/www.malmarks.com\/wp-content\/uploads\/icon-kundservice.png 200w, https:\/\/www.malmarks.com\/wp-content\/uploads\/icon-kundservice-150x150.png 150w\" sizes=\"auto, (max-width: 200px) 100vw, 200px\" \/><\/figure>\n\n\n\n<h3 class=\"wp-block-heading\">KUNDENDIENST<\/h3>\n\n\n\n<p>Wir sind ein Familienunternehmen mit gro\u00dfem pers\u00f6nlichem Engagement, das sich leidenschaftlich f\u00fcr den Kundenservice einsetzt.<\/p>\n<\/div>\n<\/div>\n\n\n\n<div class=\"wp-block-buttons is-layout-flex wp-block-buttons-is-layout-flex\">\n<div class=\"wp-block-button\"><a class=\"wp-block-button__link wp-element-button\" href=\"http:\/\/www.malmarks.com\/grossistverksamhet\/\">LESEN SIE MEHR \u00dcBER UNSERE GROSSHANDELSAKTIVIT\u00c4TEN<\/a><\/div>\n<\/div>\n\n\n\t<\/div>\n\n<\/div>\n\n\n<div class=\"cta section \" style= \"background-image: url(https:\/\/www.malmarks.com\/wp-content\/uploads\/malmarkstext4-1.jpg)\">\n\n\t<div class=\"inner\">\n\n\t\t<h2><\/h2>\n\n\t\t\n\t\t\n\t<\/div>\n\n<\/div>\n\n\n<div class=\"section iconblock\">\n\n\t<div class=\"inner\">\n\n\t\t\n\n<div class=\"wp-block-columns is-layout-flex wp-container-core-columns-is-layout-9d6595d7 wp-block-columns-is-layout-flex\">\n<div class=\"wp-block-column is-layout-flow wp-block-column-is-layout-flow\">\n<figure class=\"wp-block-image size-full\"><img loading=\"lazy\" decoding=\"async\" width=\"200\" height=\"200\" src=\"http:\/\/www.malmarks.com\/wp-content\/uploads\/icon-quality.png\" alt=\"\" class=\"wp-image-28\" srcset=\"https:\/\/www.malmarks.com\/wp-content\/uploads\/icon-quality.png 200w, https:\/\/www.malmarks.com\/wp-content\/uploads\/icon-quality-150x150.png 150w\" sizes=\"auto, (max-width: 200px) 100vw, 200px\" \/><\/figure>\n\n\n\n<h3 class=\"wp-block-heading\">QUALIT\u00c4T<\/h3>\n\n\n\n<p>Um den Bed\u00fcrfnissen der Verbraucher gerecht zu werden, wird unser Produktsortiment kontinuierlich und st\u00e4ndig aktualisiert, wobei der Schwerpunkt auf Qualit\u00e4t liegt.<\/p>\n<\/div>\n\n\n\n<div class=\"wp-block-column is-layout-flow wp-block-column-is-layout-flow\">\n<figure class=\"wp-block-image size-full\"><img loading=\"lazy\" decoding=\"async\" width=\"200\" height=\"200\" src=\"http:\/\/www.malmarks.com\/wp-content\/uploads\/icon-safety.png\" alt=\"\" class=\"wp-image-29\" srcset=\"https:\/\/www.malmarks.com\/wp-content\/uploads\/icon-safety.png 200w, https:\/\/www.malmarks.com\/wp-content\/uploads\/icon-safety-150x150.png 150w\" sizes=\"auto, (max-width: 200px) 100vw, 200px\" \/><\/figure>\n\n\n\n<h3 class=\"wp-block-heading\">SICHERHEIT<\/h3>\n\n\n\n<p>Durch die st\u00e4ndige Bewertung unserer Herstellungsprozesse stellen wir sicher, dass unsere Produkte immer eine sichere Wahl f\u00fcr Verbraucher und Mitarbeiter sind.<\/p>\n<\/div>\n\n\n\n<div class=\"wp-block-column is-layout-flow wp-block-column-is-layout-flow\">\n<figure class=\"wp-block-image size-full\"><img loading=\"lazy\" decoding=\"async\" width=\"200\" height=\"200\" src=\"http:\/\/www.malmarks.com\/wp-content\/uploads\/icon-environment.png\" alt=\"\" class=\"wp-image-30\" srcset=\"https:\/\/www.malmarks.com\/wp-content\/uploads\/icon-environment.png 200w, https:\/\/www.malmarks.com\/wp-content\/uploads\/icon-environment-150x150.png 150w\" sizes=\"auto, (max-width: 200px) 100vw, 200px\" \/><\/figure>\n\n\n\n<h3 class=\"wp-block-heading\">UMWELT<\/h3>\n\n\n\n<p>Unser Ziel ist es, in Europa eine Vorreiterrolle bei der Schaffung eines h\u00f6heren Umweltstandards f\u00fcr Kunststoffprodukte einzunehmen.<\/p>\n<\/div>\n<\/div>\n\n\n\n<div class=\"wp-block-buttons is-layout-flex wp-block-buttons-is-layout-flex\">\n<div class=\"wp-block-button\"><a class=\"wp-block-button__link wp-element-button\" href=\"http:\/\/www.malmarks.com\/om-oss\/\">LESEN SIE MEHR \u00dcBER M\u00e5lmarks<\/a><\/div>\n<\/div>\n\n\n\t<\/div>\n\n<\/div>\n\n\n<div class=\"section shade\">\n\n\t<div class=\"inner\">\n\n\t\t\n\n<div class=\"wp-block-columns is-layout-flex wp-container-core-columns-is-layout-9d6595d7 wp-block-columns-is-layout-flex\">\n<div class=\"wp-block-column is-layout-flow wp-block-column-is-layout-flow\">\n<blockquote class=\"wp-block-quote is-layout-flow wp-block-quote-is-layout-flow\">\n<p>Hohe Qualit\u00e4t und Liefertreue sind seit jeher unser Grundsatz. Unternehmertum und Erfahrung in der Produktion seit 1833!<\/p>\n<cite>G\u00d6STA M\u00c5LMARK<br>GR\u00dcNDER <\/cite><\/blockquote>\n<\/div>\n\n\n\n<div class=\"wp-block-column is-layout-flow wp-block-column-is-layout-flow\">\n<blockquote class=\"wp-block-quote is-layout-flow wp-block-quote-is-layout-flow\">\n<p>M\u00e5lmarks hat gro\u00dfe Ambitionen. Mit einem starken Unternehmergeist und Unternehmertum, das seine Wurzeln in der bekannten Region Gnosj\u00f6 in Schweden hat, wollen wir Kunden auf der ganzen Welt erreichen. Wir streben danach, dass unser Serviceniveau und unsere Professionalit\u00e4t so hoch sind wie die Qualit\u00e4t unserer Produkte. Willkommen bei M\u00e5lmarks!<\/p>\n<cite>ANDR\u00c9 SPINOLA<br>HAUPTGESCH\u00c4FTSF\u00dcHRER<\/cite><\/blockquote>\n<\/div>\n<\/div>\n\n\n\t<\/div>\n\n<\/div>\n","protected":false},"excerpt":{"rendered":"","protected":false},"author":1,"featured_media":0,"parent":0,"menu_order":0,"comment_status":"closed","ping_status":"closed","template":"","meta":{"footnotes":""},"class_list":["post-1820","page","type-page","status-publish","hentry"],"featured_image_src":null,"featured_image_src_square":null,"_links":{"self":[{"href":"https:\/\/www.malmarks.com\/de\/wp-json\/wp\/v2\/pages\/1820","targetHints":{"allow":["GET"]}}],"collection":[{"href":"https:\/\/www.malmarks.com\/de\/wp-json\/wp\/v2\/pages"}],"about":[{"href":"https:\/\/www.malmarks.com\/de\/wp-json\/wp\/v2\/types\/page"}],"author":[{"embeddable":true,"href":"https:\/\/www.malmarks.com\/de\/wp-json\/wp\/v2\/users\/1"}],"replies":[{"embeddable":true,"href":"https:\/\/www.malmarks.com\/de\/wp-json\/wp\/v2\/comments?post=1820"}],"version-history":[{"count":16,"href":"https:\/\/www.malmarks.com\/de\/wp-json\/wp\/v2\/pages\/1820\/revisions"}],"predecessor-version":[{"id":1934,"href":"https:\/\/www.malmarks.com\/de\/wp-json\/wp\/v2\/pages\/1820\/revisions\/1934"}],"wp:attachment":[{"href":"https:\/\/www.malmarks.com\/de\/wp-json\/wp\/v2\/media?parent=1820"}],"curies":[{"name":"wp","href":"https:\/\/api.w.org\/{rel}","templated":true}]}}