{"id":1852,"date":"2023-04-13T13:09:50","date_gmt":"2023-04-13T11:09:50","guid":{"rendered":"https:\/\/www.malmarks.com\/?page_id=1852"},"modified":"2023-12-14T12:21:34","modified_gmt":"2023-12-14T11:21:34","slug":"grosshandel","status":"publish","type":"page","link":"https:\/\/www.malmarks.com\/de\/grosshandel\/","title":{"rendered":"Gro\u00dfhandel"},"content":{"rendered":"<div class=\"overlay \" style= \"background-image: url(https:\/\/www.malmarks.com\/wp-content\/uploads\/road5.jpg)\">\n\n\t<div class=\"plate\">\n\n\t\t<div class=\"inner\">\n\n\t\t\t\n\n<h1 class=\"wp-block-heading\">GRO\u00dfHANDEL<\/h1>\n\n\n\n<p>Neben unseren Industriebetrieben bieten wir eine breite Palette von Produkten unter unserer etablierten Eigenmarke &#8222;Never Stop&#8220; an.<\/p>\n\n\n\n<p>Bei M\u00e5lmarks sind wir Probleml\u00f6ser mit einem gro\u00dfen Netzwerk an Kontakten. Welches Produkt Sie auch immer suchen, wir helfen Ihnen gerne, eine L\u00f6sung zu finden. Senden Sie uns eine Anfrage und wir werden uns so schnell wie m\u00f6glich bei Ihnen melden.<\/p>\n\n\n\t\t<\/div>\n\n\t<\/div>\n\n<\/div>\n\n\n<div class=\"boxsection \">\n\n\t<div class=\"inner\">\n\n\t\t<div class=\"row\">\n\n\t\t\t<div class=\"content col-lg-6 col-md-12 order-2 order-lg-2 left\">\n\n\t\t\t\t\t\t\t\t\t<h2>Never Stop<\/h2>\n\t\t\t\t\n\t\t\t\t<div class=\"text\">\n\n<p>Das Logo von Never Stop ist seit den 1950er Jahren auf Benzinkanistern zu sehen. Heute ist es auch auf einer Reihe von Produkten im Bereich Auto und Fahrzeugzubeh\u00f6r zu finden. Die Produkte sind gepr\u00fcft und qualit\u00e4tsgepr\u00fcft mit T\u00fcv\/GS, CE, SP, British Standard und UN.<\/p>\n\n\n\n<p>Die Schlagworte der Marke sind: Benutzer- und Umweltfreundlichkeit, Qualit\u00e4t. Never Stop Produkte sind selbstverst\u00e4ndlicher Bestandteil aller qualit\u00e4tsbewussten Einzelh\u00e4ndler im Sortiment Skandinaviens.<\/p>\n\n\n\n<div class=\"wp-block-buttons is-layout-flex wp-block-buttons-is-layout-flex\">\n<div class=\"wp-block-button left\"><a class=\"wp-block-button__link wp-element-button\" href=\"https:\/\/neverstop.se\" target=\"_blank\" rel=\"noreferrer noopener\">ZU Never Stop<\/a><\/div>\n<\/div>\n\n<\/div>\n\n\t\t\t\t\n\t\t\t<\/div>\n\n\t\t\t<div class=\"mediaholder col-lg-6 col-md-12 order-1 order-lg-1 left\">\n\n\t\t\t\t<div class=\"imageholder\">\n\n\t\t\t\t\t<img decoding=\"async\" src=\"https:\/\/www.malmarks.com\/wp-content\/uploads\/neverstop.png\" \/>\n\n\t\t\t\t<\/div>\n\n\t\t\t<\/div>\n\n\t\t<\/div>\n\n\t<\/div>\n\n<\/div>\n\n\n\n<div class=\"wp-block-columns inner is-layout-flex wp-container-core-columns-is-layout-9d6595d7 wp-block-columns-is-layout-flex\">\n<div class=\"wp-block-column is-layout-flow wp-block-column-is-layout-flow\">\n<figure class=\"wp-block-image size-full\"><img loading=\"lazy\" decoding=\"async\" width=\"1000\" height=\"1000\" src=\"http:\/\/www.malmarks.com\/wp-content\/uploads\/brand1.jpg\" alt=\"\" class=\"wp-image-80\" srcset=\"https:\/\/www.malmarks.com\/wp-content\/uploads\/brand1.jpg 1000w, https:\/\/www.malmarks.com\/wp-content\/uploads\/brand1-300x300.jpg 300w, https:\/\/www.malmarks.com\/wp-content\/uploads\/brand1-150x150.jpg 150w, https:\/\/www.malmarks.com\/wp-content\/uploads\/brand1-768x768.jpg 768w\" sizes=\"auto, (max-width: 1000px) 100vw, 1000px\" \/><\/figure>\n\n\n\n<h3 class=\"wp-block-heading\">Brennholz<\/h3>\n\n\n\n<p>Seit den 90er Jahren verf\u00fcgt M\u00e5lmarks \u00fcber ein gutes Kontaktnetz im Baltikum, von wo aus wir Holz und andere Holzprodukte an eine Reihe schwedischer Unternehmen liefern. Kontaktieren Sie uns, wenn Sie mehr wissen m\u00f6chten!<\/p>\n<\/div>\n\n\n\n<div class=\"wp-block-column is-layout-flow wp-block-column-is-layout-flow\">\n<figure class=\"wp-block-image size-full\"><img loading=\"lazy\" decoding=\"async\" width=\"1000\" height=\"1001\" src=\"http:\/\/www.malmarks.com\/wp-content\/uploads\/chargeamps.jpg\" alt=\"\" class=\"wp-image-559\" srcset=\"https:\/\/www.malmarks.com\/wp-content\/uploads\/chargeamps.jpg 1000w, https:\/\/www.malmarks.com\/wp-content\/uploads\/chargeamps-300x300.jpg 300w, https:\/\/www.malmarks.com\/wp-content\/uploads\/chargeamps-150x150.jpg 150w, https:\/\/www.malmarks.com\/wp-content\/uploads\/chargeamps-768x769.jpg 768w, https:\/\/www.malmarks.com\/wp-content\/uploads\/chargeamps-600x600.jpg 600w\" sizes=\"auto, (max-width: 1000px) 100vw, 1000px\" \/><\/figure>\n\n\n\n<h3 class=\"wp-block-heading\">Charge Amps<\/h3>\n\n\n\n<p>M\u00e5lmarks hat eine exklusive Vertriebsvereinbarung f\u00fcr Ladeger\u00e4te f\u00fcr Elektroautos in Brasilien mit dem schwedischen Hersteller Charge Amps. Es ist eine langfristige Investition in einen Markt mit \u00fcber 200 Millionen Einwohnern.<\/p>\n<\/div>\n\n\n\n<div class=\"wp-block-column is-layout-flow wp-block-column-is-layout-flow\">\n<figure class=\"wp-block-image size-full\"><img loading=\"lazy\" decoding=\"async\" width=\"1000\" height=\"1000\" src=\"http:\/\/www.malmarks.com\/wp-content\/uploads\/brand3.jpg\" alt=\"\" class=\"wp-image-82\" srcset=\"https:\/\/www.malmarks.com\/wp-content\/uploads\/brand3.jpg 1000w, https:\/\/www.malmarks.com\/wp-content\/uploads\/brand3-300x300.jpg 300w, https:\/\/www.malmarks.com\/wp-content\/uploads\/brand3-150x150.jpg 150w, https:\/\/www.malmarks.com\/wp-content\/uploads\/brand3-768x768.jpg 768w\" sizes=\"auto, (max-width: 1000px) 100vw, 1000px\" \/><\/figure>\n\n\n\n<h3 class=\"wp-block-heading\">Ihr neuer Lieferant<\/h3>\n\n\n\n<p>Wenn Sie Probleme haben, Produkte vom aktuellen Lieferanten zu erhalten oder neue Einkaufskan\u00e4le ben\u00f6tigen, kontaktieren Sie uns bitte.<\/p>\n<\/div>\n<\/div>\n\n\n\n<div class=\"wp-block-buttons pb100 is-layout-flex wp-block-buttons-is-layout-flex\">\n<div class=\"wp-block-button\"><a class=\"wp-block-button__link wp-element-button\" href=\"\/wp-content\/uploads\/allmanna_forsaljningsvillkor_2014.pdf\" target=\"_blank\" rel=\"noreferrer noopener\">LADEN SIE UNSERE RICHTLINIE ALS PDF HERUNTER (AUF ENGLISH)<\/a><\/div>\n<\/div>\n","protected":false},"excerpt":{"rendered":"<p>Brennholz Seit den 90er Jahren verf\u00fcgt M\u00e5lmarks \u00fcber ein gutes Kontaktnetz im Baltikum, von wo aus wir Holz und andere Holzprodukte an eine Reihe schwedischer Unternehmen liefern. Kontaktieren Sie uns, wenn Sie mehr wissen m\u00f6chten! Charge Amps M\u00e5lmarks hat eine exklusive Vertriebsvereinbarung f\u00fcr Ladeger\u00e4te f\u00fcr Elektroautos in Brasilien mit dem schwedischen Hersteller Charge Amps. Es [&hellip;]<\/p>\n","protected":false},"author":1,"featured_media":0,"parent":0,"menu_order":0,"comment_status":"closed","ping_status":"closed","template":"","meta":{"footnotes":""},"class_list":["post-1852","page","type-page","status-publish","hentry"],"featured_image_src":null,"featured_image_src_square":null,"_links":{"self":[{"href":"https:\/\/www.malmarks.com\/de\/wp-json\/wp\/v2\/pages\/1852","targetHints":{"allow":["GET"]}}],"collection":[{"href":"https:\/\/www.malmarks.com\/de\/wp-json\/wp\/v2\/pages"}],"about":[{"href":"https:\/\/www.malmarks.com\/de\/wp-json\/wp\/v2\/types\/page"}],"author":[{"embeddable":true,"href":"https:\/\/www.malmarks.com\/de\/wp-json\/wp\/v2\/users\/1"}],"replies":[{"embeddable":true,"href":"https:\/\/www.malmarks.com\/de\/wp-json\/wp\/v2\/comments?post=1852"}],"version-history":[{"count":7,"href":"https:\/\/www.malmarks.com\/de\/wp-json\/wp\/v2\/pages\/1852\/revisions"}],"predecessor-version":[{"id":1859,"href":"https:\/\/www.malmarks.com\/de\/wp-json\/wp\/v2\/pages\/1852\/revisions\/1859"}],"wp:attachment":[{"href":"https:\/\/www.malmarks.com\/de\/wp-json\/wp\/v2\/media?parent=1852"}],"curies":[{"name":"wp","href":"https:\/\/api.w.org\/{rel}","templated":true}]}}