{"id":1861,"date":"2023-06-12T20:37:53","date_gmt":"2023-06-12T18:37:53","guid":{"rendered":"https:\/\/www.malmarks.com\/?page_id=1861"},"modified":"2023-10-31T15:58:55","modified_gmt":"2023-10-31T14:58:55","slug":"nachhaltigkeit","status":"publish","type":"page","link":"https:\/\/www.malmarks.com\/de\/nachhaltigkeit\/","title":{"rendered":"Nachhaltigkeit"},"content":{"rendered":"<div class=\"overlay h100\" style= \"background-image: url(https:\/\/www.malmarks.com\/wp-content\/uploads\/berg.jpg)\">\n\n\t<div class=\"plate\">\n\n\t\t<div class=\"inner\">\n\n\t\t\t\n\n<h2 class=\"wp-block-heading\">NACHHALTIGKEIT<\/h2>\n\n\n\n<h3 class=\"wp-block-heading\"><\/h3>\n\n\n\n<p>Aufgrund der Tatsache, dass wir \u00fcber eine eigene Produktion verf\u00fcgen, haben wir sowohl Einblick als auch Kontrolle, was die Qualit\u00e4t sicherstellt.<\/p>\n\n\n\n<p>Unser Werk in Ungarn ist nach ISO 14001 zertifiziert, einer Norm f\u00fcr die Reduzierung der Umweltbelastung.<\/p>\n\n\n\n<p><\/p>\n\n\n\n<div class=\"wp-block-buttons is-layout-flex wp-block-buttons-is-layout-flex\"><\/div>\n\n\n\t\t<\/div>\n\n\t<\/div>\n\n<\/div>\n\n\n<div class=\"boxsection \">\n\n\t<div class=\"inner\">\n\n\t\t<div class=\"row\">\n\n\t\t\t<div class=\"content col-lg-6 col-md-12 order-2 order-lg-1 right\">\n\n\t\t\t\t\n\t\t\t\t<div class=\"text\">\n\n<p>In unserer Produktion verwenden wir Polyethylen hoher Dichte, HDPE-Kunststoff. Positive Eigenschaften von HDPE sind, dass es m\u00f6glich ist, Lebensmittel zugelassen zu machen und eine gute Best\u00e4ndigkeit gegen Feuchtigkeit und Chemikalien aufweist, es gibt auch gute M\u00f6glichkeiten, Kunststoff zu recyceln.<\/p>\n\n\n\n<p>Wir verkaufen Kunststoffreste, die w\u00e4hrend der Produktion \u00fcbrig bleiben, um sie f\u00fcr neue Produkte zu verwenden, wir arbeiten daran, Abfall zu reduzieren, damit so viel wie m\u00f6glich des Materials verwendet werden kann. Unser Werksleiter Lajos Simon leitet zusammen mit unserem Produktions- und Qualit\u00e4tsmanager P\u00e9ter Pusk\u00e1s die Arbeit in der Fabrik und bem\u00fcht sich st\u00e4ndig um kontinuierliche Qualit\u00e4t und eine nachhaltige Arbeitsweise. Die Fabrik ist nach ISO 9001 zertifiziert, einem Qualit\u00e4tsmanagementsystem.<\/p>\n\n\n\n<p>Wenn Sie Interesse an Produkten aus Biokunststoff und\/oder PCR (Post-Consumer Recycled) haben, kontaktieren Sie uns bitte.<\/p>\n\n<\/div>\n\n\t\t\t\t\n\t\t\t<\/div>\n\n\t\t\t<div class=\"mediaholder col-lg-6 col-md-12 order-1 order-lg-2 right\">\n\n\t\t\t\t<div class=\"imageholder\">\n\n\t\t\t\t\t<img decoding=\"async\" src=\"https:\/\/www.malmarks.com\/wp-content\/uploads\/never5.jpg\" \/>\n\n\t\t\t\t<\/div>\n\n\t\t\t<\/div>\n\n\t\t<\/div>\n\n\t<\/div>\n\n<\/div>\n\n\n<div class=\"section narrow\">\n\n\t<div class=\"inner\">\n\n\t\t\n\n<div class=\"wp-block-columns is-layout-flex wp-container-core-columns-is-layout-9d6595d7 wp-block-columns-is-layout-flex\">\n<div class=\"wp-block-column is-layout-flow wp-block-column-is-layout-flow\"><div class=\"wp-block-image\">\n<figure class=\"aligncenter size-full\"><img loading=\"lazy\" decoding=\"async\" width=\"94\" height=\"138\" src=\"http:\/\/www.malmarks.com\/wp-content\/uploads\/9001iso-3.png\" alt=\"\" class=\"wp-image-1596\" \/><\/figure>\n<\/div><\/div>\n\n\n\n<div class=\"wp-block-column is-layout-flow wp-block-column-is-layout-flow\"><div class=\"wp-block-image\">\n<figure class=\"aligncenter size-full\"><img loading=\"lazy\" decoding=\"async\" width=\"120\" height=\"139\" src=\"http:\/\/www.malmarks.com\/wp-content\/uploads\/iso14001.png\" alt=\"\" class=\"wp-image-1555\" \/><\/figure>\n<\/div><\/div>\n\n\n\n<div class=\"wp-block-column is-layout-flow wp-block-column-is-layout-flow\"><div class=\"wp-block-image\">\n<figure class=\"aligncenter size-full\"><img loading=\"lazy\" decoding=\"async\" width=\"120\" height=\"140\" src=\"http:\/\/www.malmarks.com\/wp-content\/uploads\/fsc-1.png\" alt=\"\" class=\"wp-image-1603\" \/><\/figure>\n<\/div><\/div>\n<\/div>\n\n\n\t<\/div>\n\n<\/div>\n","protected":false},"excerpt":{"rendered":"","protected":false},"author":1,"featured_media":0,"parent":0,"menu_order":0,"comment_status":"closed","ping_status":"closed","template":"","meta":{"footnotes":""},"class_list":["post-1861","page","type-page","status-publish","hentry"],"featured_image_src":null,"featured_image_src_square":null,"_links":{"self":[{"href":"https:\/\/www.malmarks.com\/de\/wp-json\/wp\/v2\/pages\/1861","targetHints":{"allow":["GET"]}}],"collection":[{"href":"https:\/\/www.malmarks.com\/de\/wp-json\/wp\/v2\/pages"}],"about":[{"href":"https:\/\/www.malmarks.com\/de\/wp-json\/wp\/v2\/types\/page"}],"author":[{"embeddable":true,"href":"https:\/\/www.malmarks.com\/de\/wp-json\/wp\/v2\/users\/1"}],"replies":[{"embeddable":true,"href":"https:\/\/www.malmarks.com\/de\/wp-json\/wp\/v2\/comments?post=1861"}],"version-history":[{"count":4,"href":"https:\/\/www.malmarks.com\/de\/wp-json\/wp\/v2\/pages\/1861\/revisions"}],"predecessor-version":[{"id":2113,"href":"https:\/\/www.malmarks.com\/de\/wp-json\/wp\/v2\/pages\/1861\/revisions\/2113"}],"wp:attachment":[{"href":"https:\/\/www.malmarks.com\/de\/wp-json\/wp\/v2\/media?parent=1861"}],"curies":[{"name":"wp","href":"https:\/\/api.w.org\/{rel}","templated":true}]}}