{"id":1865,"date":"2023-04-13T14:03:31","date_gmt":"2023-04-13T12:03:31","guid":{"rendered":"https:\/\/www.malmarks.com\/?page_id=1865"},"modified":"2023-12-14T12:21:01","modified_gmt":"2023-12-14T11:21:01","slug":"ueber-uns","status":"publish","type":"page","link":"https:\/\/www.malmarks.com\/de\/ueber-uns\/","title":{"rendered":"\u00dcber uns"},"content":{"rendered":"<div class=\"overlay m145vh\" style= \"background-image: url(https:\/\/www.malmarks.com\/wp-content\/uploads\/fabriken2.jpg)\">\n\n\t<div class=\"plate\">\n\n\t\t<div class=\"inner\">\n\n\t\t\t\n\n<h2 class=\"wp-block-heading\">\u00dcBER UNS<\/h2>\n\n\n\n<p>M\u00e5lmarks ist ein Familienunternehmen, das sich in der Expansion befindet. Wir sind seit langem Marktf\u00fchrer in Skandinavien, wenn es um den Verkauf von Kraftstoffkanistern mit Zubeh\u00f6r geht, aber unser Markt liegt haupts\u00e4chlich in Europa. Mit unserer eigenen Produktion von blasgeformten Kunststoffprodukten in Mitteleuropa k\u00f6nnen wir diese einfach und schnell auf dem gesamten Kontinent vertreiben.<\/p>\n\n\n\n<p>In Schweden gibt es auch ein Lager f\u00fcr schnelle Lieferungen an nordische Kunden.<\/p>\n\n\n\n<p>Unser Unternehmen ist seit \u00fcber 30 Jahren auch im Gro\u00dfhandel t\u00e4tig und verf\u00fcgt \u00fcber solide Erfahrung im Import und Export in die ganze Welt. Wir sind Spezialisten darin, das gew\u00fcnschte Produkt zu finden, die Logistik zu l\u00f6sen und auch die Lagerhaltung zu erledigen. Neben eigenen Handelsb\u00fcros in Hongkong und Brasilien gibt es auch etablierte Kontakte in mehreren anderen L\u00e4ndern.<\/p>\n\n\n\n<div class=\"wp-block-buttons is-layout-flex wp-block-buttons-is-layout-flex\">\n<div class=\"wp-block-button\"><a class=\"wp-block-button__link wp-element-button\" href=\"#kontakt\">Kontaktieren sie uns<\/a><\/div>\n<\/div>\n\n\n\t\t<\/div>\n\n\t<\/div>\n\n<\/div>\n\n\n<div class=\"boxsection \">\n\n\t<div class=\"inner\">\n\n\t\t<div class=\"row\">\n\n\t\t\t<div class=\"content col-lg-6 col-md-12 order-2 order-lg-2 left\">\n\n\t\t\t\t\t\t\t\t\t<h2>Qualit\u00e4t, Sicherheit und Umwelt<\/h2>\n\t\t\t\t\n\t\t\t\t<div class=\"text\">\n\n<p>Unser Fokus liegt auf Qualit\u00e4t, Umwelt und Service. Wir stehen in engem Kontakt mit unseren Kunden und versuchen alles zu tun, um sowohl Anfragen als auch Beschwerden zu erf\u00fcllen. Kunden sollen sich bei uns gut aufgehoben f\u00fchlen, f\u00fcr eine lange und gute Zusammenarbeit. So denken wir \u00fcber <a href=\"\/hallbarhet\/\" data-type=\"page\" data-id=\"1269\">nachhaltigkeit<\/a>. <\/p>\n\n<\/div>\n\n\t\t\t\t\n\t\t\t<\/div>\n\n\t\t\t<div class=\"mediaholder col-lg-6 col-md-12 order-1 order-lg-1 left\">\n\n\t\t\t\t<div class=\"imageholder\">\n\n\t\t\t\t\t<img decoding=\"async\" src=\"https:\/\/www.malmarks.com\/wp-content\/uploads\/om-sec1.jpg\" \/>\n\n\t\t\t\t<\/div>\n\n\t\t\t<\/div>\n\n\t\t<\/div>\n\n\t<\/div>\n\n<\/div>\n","protected":false},"excerpt":{"rendered":"","protected":false},"author":1,"featured_media":0,"parent":0,"menu_order":0,"comment_status":"closed","ping_status":"closed","template":"","meta":{"footnotes":""},"class_list":["post-1865","page","type-page","status-publish","hentry"],"featured_image_src":null,"featured_image_src_square":null,"_links":{"self":[{"href":"https:\/\/www.malmarks.com\/de\/wp-json\/wp\/v2\/pages\/1865","targetHints":{"allow":["GET"]}}],"collection":[{"href":"https:\/\/www.malmarks.com\/de\/wp-json\/wp\/v2\/pages"}],"about":[{"href":"https:\/\/www.malmarks.com\/de\/wp-json\/wp\/v2\/types\/page"}],"author":[{"embeddable":true,"href":"https:\/\/www.malmarks.com\/de\/wp-json\/wp\/v2\/users\/1"}],"replies":[{"embeddable":true,"href":"https:\/\/www.malmarks.com\/de\/wp-json\/wp\/v2\/comments?post=1865"}],"version-history":[{"count":4,"href":"https:\/\/www.malmarks.com\/de\/wp-json\/wp\/v2\/pages\/1865\/revisions"}],"predecessor-version":[{"id":1869,"href":"https:\/\/www.malmarks.com\/de\/wp-json\/wp\/v2\/pages\/1865\/revisions\/1869"}],"wp:attachment":[{"href":"https:\/\/www.malmarks.com\/de\/wp-json\/wp\/v2\/media?parent=1865"}],"curies":[{"name":"wp","href":"https:\/\/api.w.org\/{rel}","templated":true}]}}