{"id":1874,"date":"2023-04-13T14:40:58","date_gmt":"2023-04-13T12:40:58","guid":{"rendered":"https:\/\/www.malmarks.com\/?page_id=1874"},"modified":"2023-12-14T12:21:20","modified_gmt":"2023-12-14T11:21:20","slug":"karriere","status":"publish","type":"page","link":"https:\/\/www.malmarks.com\/de\/karriere\/","title":{"rendered":"Karriere"},"content":{"rendered":"<div class=\"section pt50 pb0\">\n\n\t<div class=\"inner\">\n\n\t\t\n\n<h2 class=\"wp-block-heading has-text-align-center sectionheader\">KARRIERE<\/h2>\n\n\n\n<p class=\"has-text-align-center\">M\u00e5lmarks ist ein wachsendes schwedisches Familienunternehmen mit internationaler Reichweite. Wir sind immer auf der Suche nach neuen Mitarbeitern, die sich weiterentwickeln und gemeinsam mit uns die Kunststoffindustrie der Zukunft gestalten wollen.<\/p>\n\n\n\t<\/div>\n\n<\/div>\n\n\n<div class=\"section iconblock\">\n\n\t<div class=\"inner\">\n\n\t\t\n\n<h3 class=\"wp-block-heading\">WIR SIND IMMER AUF DER SUCHE NACH MENSCHEN, DIE&#8230;<\/h3>\n\n\n\n<div class=\"wp-block-columns is-layout-flex wp-container-core-columns-is-layout-9d6595d7 wp-block-columns-is-layout-flex\">\n<div class=\"wp-block-column is-layout-flow wp-block-column-is-layout-flow\">\n<figure class=\"wp-block-image size-full\"><img loading=\"lazy\" decoding=\"async\" width=\"606\" height=\"606\" src=\"http:\/\/www.malmarks.com\/wp-content\/uploads\/icon-flash.png\" alt=\"\" class=\"wp-image-110\" srcset=\"https:\/\/www.malmarks.com\/wp-content\/uploads\/icon-flash.png 606w, https:\/\/www.malmarks.com\/wp-content\/uploads\/icon-flash-300x300.png 300w, https:\/\/www.malmarks.com\/wp-content\/uploads\/icon-flash-150x150.png 150w, https:\/\/www.malmarks.com\/wp-content\/uploads\/icon-flash-600x600.png 600w\" sizes=\"auto, (max-width: 606px) 100vw, 606px\" \/><\/figure>\n\n\n\n<h4 class=\"wp-block-heading\">TATKRAFT HABEN<\/h4>\n\n\n\n<p>Ihr Motivation ist unser gr\u00f6\u00dftes Kapital. Der Erfolg von M\u00e5lmark beruht darauf, dass sich alle Mitarbeiter in der Verantwortung sehen, ihre eigene und unsere Entwicklung voranzutreiben.<\/p>\n<\/div>\n\n\n\n<div class=\"wp-block-column is-layout-flow wp-block-column-is-layout-flow\">\n<figure class=\"wp-block-image size-full\"><img loading=\"lazy\" decoding=\"async\" width=\"200\" height=\"150\" src=\"http:\/\/www.malmarks.com\/wp-content\/uploads\/icon-team.png\" alt=\"\" class=\"wp-image-44\" \/><\/figure>\n\n\n\n<h4 class=\"wp-block-heading\">DAS TEAM VOR SICH SELBST STELLEN<\/h4>\n\n\n\n<p>M\u00e5lmarks ist ein Familienunternehmen, das sich wie eine Familie verh\u00e4lt. Wir unterst\u00fctzen uns gegenseitig, wenn es hart auf hart kommt, feiern, wenn es gut l\u00e4uft und sind immer f\u00fcreinander da.<\/p>\n<\/div>\n\n\n\n<div class=\"wp-block-column is-layout-flow wp-block-column-is-layout-flow\">\n<figure class=\"wp-block-image size-full\"><img loading=\"lazy\" decoding=\"async\" width=\"200\" height=\"200\" src=\"http:\/\/www.malmarks.com\/wp-content\/uploads\/icon-books.png\" alt=\"\" class=\"wp-image-111\" srcset=\"https:\/\/www.malmarks.com\/wp-content\/uploads\/icon-books.png 200w, https:\/\/www.malmarks.com\/wp-content\/uploads\/icon-books-150x150.png 150w\" sizes=\"auto, (max-width: 200px) 100vw, 200px\" \/><\/figure>\n\n\n\n<h4 class=\"wp-block-heading\">NIE VOLL AUSGEBILDET SIND<\/h4>\n\n\n\n<p>&#8230; egal, ob Sie 30 Jahre oder 3 Monate Erfahrung haben. Du bist immer offen f\u00fcr neue Ideen, sowohl von anderen als auch von dir selbst, und willst dich immer verbessern.<\/p>\n<\/div>\n<\/div>\n\n\n\t<\/div>\n\n<\/div>\n\n\n<div class=\"section iconblock\">\n\n\t<div class=\"inner\">\n\n\t\t\n\n<h3 class=\"wp-block-heading\">M\u00c5LMARKS isT:<\/h3>\n\n\n\n<div class=\"wp-block-columns is-layout-flex wp-container-core-columns-is-layout-9d6595d7 wp-block-columns-is-layout-flex\">\n<div class=\"wp-block-column is-layout-flow wp-block-column-is-layout-flow\">\n<figure class=\"wp-block-image size-full\"><img loading=\"lazy\" decoding=\"async\" width=\"200\" height=\"200\" src=\"http:\/\/www.malmarks.com\/wp-content\/uploads\/icon-global.png\" alt=\"\" class=\"wp-image-25\" srcset=\"https:\/\/www.malmarks.com\/wp-content\/uploads\/icon-global.png 200w, https:\/\/www.malmarks.com\/wp-content\/uploads\/icon-global-150x150.png 150w\" sizes=\"auto, (max-width: 200px) 100vw, 200px\" \/><\/figure>\n\n\n\n<h4 class=\"wp-block-heading\">EIN INTERNATIONALER ARBEITSPLATZ<\/h4>\n\n\n\n<p>&#8230; mit pers\u00f6nlichem Engagement. Mit unserem Hauptsitz und Zentrallager in Schweden, dem Werk in Ungarn, Lieferungen nach ganz Europa, \u00fcber 25 Jahren Erfahrung im Handel in Fernost und dem Vertriebsb\u00fcro in Brasilien haben wir Kollegen aus der ganzen Welt.<\/p>\n<\/div>\n\n\n\n<div class=\"wp-block-column is-layout-flow wp-block-column-is-layout-flow\">\n<figure class=\"wp-block-image size-full\"><img loading=\"lazy\" decoding=\"async\" width=\"200\" height=\"116\" src=\"http:\/\/www.malmarks.com\/wp-content\/uploads\/icon-flat-organisation.png\" alt=\"\" class=\"wp-image-112\" \/><\/figure>\n\n\n\n<h4 class=\"wp-block-heading\">EINE FLACHE ORGANISATION<\/h4>\n\n\n\n<p>&#8230; die die Entwicklungsf\u00e4higkeit des Mitarbeiters wertsch\u00e4tzt. Wir arbeiten eng zusammen und sehen Ihre Leistung, nicht Ihre Verdienste<\/p>\n<\/div>\n\n\n\n<div class=\"wp-block-column is-layout-flow wp-block-column-is-layout-flow\">\n<figure class=\"wp-block-image size-full\"><img loading=\"lazy\" decoding=\"async\" width=\"200\" height=\"200\" src=\"http:\/\/www.malmarks.com\/wp-content\/uploads\/icon-environment.png\" alt=\"\" class=\"wp-image-30\" srcset=\"https:\/\/www.malmarks.com\/wp-content\/uploads\/icon-environment.png 200w, https:\/\/www.malmarks.com\/wp-content\/uploads\/icon-environment-150x150.png 150w\" sizes=\"auto, (max-width: 200px) 100vw, 200px\" \/><\/figure>\n\n\n\n<h4 class=\"wp-block-heading\">EINE WACHSENDE ORGANISATION<\/h4>\n\n\n\n<p>&#8230; wo neue F\u00fchrungspositionen besetzt werden m\u00fcssen. Wir freuen uns, Mitarbeiter aus den eigenen Reihen zu rekrutieren, um sicherzustellen, dass die F\u00fchrungskr\u00e4fte des Unternehmens verstehen, was es bedeutet, bei M\u00e5lmarks zu arbeiten.<\/p>\n<\/div>\n<\/div>\n\n\n\t<\/div>\n\n<\/div>\n\n\n\n<div style=\"padding-bottom:6%;padding-top:6%\" class=\"wp-block-genesis-blocks-gb-container gb-block-container\"><div class=\"gb-container-inside\"><div class=\"gb-container-image-wrap\"><img decoding=\"async\" class=\"gb-container-image has-background-dim\" object-fit=\"cover\"  src=\"http:\/\/www.malmarks.com\/wp-content\/uploads\/karriar-kontakt.jpg\" alt=\"\"\/><\/div><div class=\"gb-container-content\">\n<div class=\"wp-block-columns is-layout-flex wp-container-core-columns-is-layout-9d6595d7 wp-block-columns-is-layout-flex\">\n<div class=\"wp-block-column is-layout-flow wp-block-column-is-layout-flow\"><div class=\"wp-block-image\">\n<figure class=\"alignright size-full\"><img loading=\"lazy\" decoding=\"async\" width=\"600\" height=\"342\" src=\"http:\/\/www.malmarks.com\/wp-content\/uploads\/kontakt2.jpg\" alt=\"\" class=\"wp-image-114\" srcset=\"https:\/\/www.malmarks.com\/wp-content\/uploads\/kontakt2.jpg 600w, https:\/\/www.malmarks.com\/wp-content\/uploads\/kontakt2-300x171.jpg 300w\" sizes=\"auto, (max-width: 600px) 100vw, 600px\" \/><\/figure>\n<\/div><\/div>\n\n\n\n<div class=\"wp-block-column contactform cv is-layout-flow wp-block-column-is-layout-flow\">\n<h3 class=\"wp-block-heading\">Sind Sie unser neuer Kollege?<\/h3>\n\n\n\n<p>Bitte senden Sie uns Ihre Kontaktdaten, Ihren Lebenslauf und Ihr pers\u00f6nliches Anschreiben und wir werden uns so schnell wie m\u00f6glich bei Ihnen melden.<\/p>\n\n\n\n<div class=\"wpcf7 no-js\" id=\"wpcf7-f1967-o1\" lang=\"de-DE\" dir=\"ltr\" data-wpcf7-id=\"1967\">\n<div class=\"screen-reader-response\"><p role=\"status\" aria-live=\"polite\" aria-atomic=\"true\"><\/p> <ul><\/ul><\/div>\n<form action=\"\/de\/wp-json\/wp\/v2\/pages\/1874#wpcf7-f1967-o1\" method=\"post\" class=\"wpcf7-form init\" aria-label=\"Kontaktformular\" enctype=\"multipart\/form-data\" novalidate=\"novalidate\" data-status=\"init\">\n<fieldset class=\"hidden-fields-container\"><input type=\"hidden\" name=\"_wpcf7\" value=\"1967\" \/><input type=\"hidden\" name=\"_wpcf7_version\" value=\"6.1.4\" \/><input type=\"hidden\" name=\"_wpcf7_locale\" value=\"de_DE\" \/><input type=\"hidden\" name=\"_wpcf7_unit_tag\" value=\"wpcf7-f1967-o1\" \/><input type=\"hidden\" name=\"_wpcf7_container_post\" value=\"0\" \/><input type=\"hidden\" name=\"_wpcf7_posted_data_hash\" value=\"\" \/>\n<\/fieldset>\n<div class=\"row\">\n\t<div class=\"col-lg-6\">\n\t\t<p><span class=\"wpcf7-form-control-wrap\" data-name=\"first-name\"><input size=\"40\" maxlength=\"400\" class=\"wpcf7-form-control wpcf7-text wpcf7-validates-as-required\" aria-required=\"true\" aria-invalid=\"false\" placeholder=\"Vorname*\" value=\"\" type=\"text\" name=\"first-name\" \/><\/span>\n\t\t<\/p>\n\t<\/div>\n\t<div class=\"col-lg-6\">\n\t\t<p><span class=\"wpcf7-form-control-wrap\" data-name=\"last-name\"><input size=\"40\" maxlength=\"400\" class=\"wpcf7-form-control wpcf7-text wpcf7-validates-as-required\" aria-required=\"true\" aria-invalid=\"false\" placeholder=\"Familienname*\" value=\"\" type=\"text\" name=\"last-name\" \/><\/span>\n\t\t<\/p>\n\t<\/div>\n\t<div class=\"col-lg-6\">\n\t\t<p><span class=\"wpcf7-form-control-wrap\" data-name=\"phone\"><input size=\"40\" maxlength=\"400\" class=\"wpcf7-form-control wpcf7-text\" aria-invalid=\"false\" placeholder=\"Telefonnummer\" value=\"\" type=\"text\" name=\"phone\" \/><\/span>\n\t\t<\/p>\n\t<\/div>\n\t<div class=\"col-lg-6\">\n\t\t<p><span class=\"wpcf7-form-control-wrap\" data-name=\"email\"><input size=\"40\" maxlength=\"400\" class=\"wpcf7-form-control wpcf7-email wpcf7-validates-as-required wpcf7-text wpcf7-validates-as-email\" aria-required=\"true\" aria-invalid=\"false\" placeholder=\"E-Mail-Adresse*\" value=\"\" type=\"email\" name=\"email\" \/><\/span>\n\t\t<\/p>\n\t<\/div>\n\t<div class=\"col-lg-6\">\n\t\t<p><span class=\"wpcf7-form-control-wrap\" data-name=\"message\"><textarea cols=\"40\" rows=\"10\" maxlength=\"2000\" class=\"wpcf7-form-control wpcf7-textarea\" aria-invalid=\"false\" placeholder=\"Nachricht\" name=\"message\"><\/textarea><\/span>\n\t\t<\/p>\n\t<\/div>\n\t<div class=\"col-lg-6\">\n\t\t<p><span class=\"wpcf7-form-control-wrap\" data-name=\"cv-file\"><input size=\"40\" class=\"wpcf7-form-control wpcf7-file\" accept=\".jpg,.pdf,.png,.doc,.docx\" aria-invalid=\"false\" type=\"file\" name=\"cv-file\" \/><\/span><br \/>\n<input class=\"wpcf7-form-control wpcf7-submit has-spinner\" type=\"submit\" value=\"Abschicken\" \/>\n\t\t<\/p>\n\t<\/div>\n<\/div><div class=\"wpcf7-response-output\" aria-hidden=\"true\"><\/div>\n<\/form>\n<\/div>\n\n<\/div>\n<\/div>\n<\/div><\/div><\/div>\n","protected":false},"excerpt":{"rendered":"","protected":false},"author":1,"featured_media":1247,"parent":0,"menu_order":0,"comment_status":"closed","ping_status":"closed","template":"","meta":{"footnotes":""},"class_list":["post-1874","page","type-page","status-publish","has-post-thumbnail","hentry"],"featured_image_src":"https:\/\/www.malmarks.com\/wp-content\/uploads\/team-1-600x400.jpg","featured_image_src_square":"https:\/\/www.malmarks.com\/wp-content\/uploads\/team-1-600x425.jpg","_links":{"self":[{"href":"https:\/\/www.malmarks.com\/de\/wp-json\/wp\/v2\/pages\/1874","targetHints":{"allow":["GET"]}}],"collection":[{"href":"https:\/\/www.malmarks.com\/de\/wp-json\/wp\/v2\/pages"}],"about":[{"href":"https:\/\/www.malmarks.com\/de\/wp-json\/wp\/v2\/types\/page"}],"author":[{"embeddable":true,"href":"https:\/\/www.malmarks.com\/de\/wp-json\/wp\/v2\/users\/1"}],"replies":[{"embeddable":true,"href":"https:\/\/www.malmarks.com\/de\/wp-json\/wp\/v2\/comments?post=1874"}],"version-history":[{"count":8,"href":"https:\/\/www.malmarks.com\/de\/wp-json\/wp\/v2\/pages\/1874\/revisions"}],"predecessor-version":[{"id":1882,"href":"https:\/\/www.malmarks.com\/de\/wp-json\/wp\/v2\/pages\/1874\/revisions\/1882"}],"wp:featuredmedia":[{"embeddable":true,"href":"https:\/\/www.malmarks.com\/de\/wp-json\/wp\/v2\/media\/1247"}],"wp:attachment":[{"href":"https:\/\/www.malmarks.com\/de\/wp-json\/wp\/v2\/media?parent=1874"}],"curies":[{"name":"wp","href":"https:\/\/api.w.org\/{rel}","templated":true}]}}