{"id":1793,"date":"2023-04-13T13:09:50","date_gmt":"2023-04-13T11:09:50","guid":{"rendered":"https:\/\/www.malmarks.com\/?page_id=1793"},"modified":"2023-12-14T12:23:31","modified_gmt":"2023-12-14T11:23:31","slug":"vente-en-gros","status":"publish","type":"page","link":"https:\/\/www.malmarks.com\/fr\/vente-en-gros\/","title":{"rendered":"Vente en gros"},"content":{"rendered":"<div class=\"overlay \" style= \"background-image: url(https:\/\/www.malmarks.com\/wp-content\/uploads\/road5.jpg)\">\n\n\t<div class=\"plate\">\n\n\t\t<div class=\"inner\">\n\n\t\t\t\n\n<h1 class=\"wp-block-heading\">OP\u00c9RATIONS DE VENTE EN GROS<\/h1>\n\n\n\n<p>En plus de nos op\u00e9rations industrielles, nous offrons une large gamme de produits sous notre propre marque bien \u00e9tablie \u00ab\u00a0Never Stop\u00a0\u00bb.<\/p>\n\n\n\n<p>Chez M\u00e5lmarks, nous r\u00e9solvons les probl\u00e8mes avec un vaste r\u00e9seau de contacts. Quel que soit le produit que vous recherchez, nous sommes heureux de vous aider \u00e0 trouver une solution. Envoyez-nous une demande et nous vous r\u00e9pondrons dans les plus brefs d\u00e9lais.<\/p>\n\n\n\t\t<\/div>\n\n\t<\/div>\n\n<\/div>\n\n\n<div class=\"boxsection \">\n\n\t<div class=\"inner\">\n\n\t\t<div class=\"row\">\n\n\t\t\t<div class=\"content col-lg-6 col-md-12 order-2 order-lg-2 left\">\n\n\t\t\t\t\t\t\t\t\t<h2>Never Stop<\/h2>\n\t\t\t\t\n\t\t\t\t<div class=\"text\">\n\n<p>Le logo de Never Stop est sur les bidons d&rsquo;essence depuis les ann\u00e9es 1950. Aujourd&rsquo;hui, il peut \u00e9galement \u00eatre trouv\u00e9 sur un certain nombre de produits dans la voiture et les accessoires de v\u00e9hicules. Les produits sont test\u00e9s et la qualit\u00e9 \u00e9tiquet\u00e9e avec T\u00fcv \/ GS, CE, SP, British Standard et UN.<\/p>\n\n\n\n<p>Les mots d&rsquo;ordre de la marque sont : respect de l&rsquo;utilisateur et de l&rsquo;environnement, qualit\u00e9. Les produits Never Stop font \u00e9videmment partie de tous les d\u00e9taillants soucieux de la qualit\u00e9 de la gamme scandinave.<\/p>\n\n\n\n<div class=\"wp-block-buttons is-layout-flex wp-block-buttons-is-layout-flex\">\n<div class=\"wp-block-button left\"><a class=\"wp-block-button__link wp-element-button\" href=\"https:\/\/neverstop.se\" target=\"_blank\" rel=\"noreferrer noopener\">VERS Never Stop<\/a><\/div>\n<\/div>\n\n<\/div>\n\n\t\t\t\t\n\t\t\t<\/div>\n\n\t\t\t<div class=\"mediaholder col-lg-6 col-md-12 order-1 order-lg-1 left\">\n\n\t\t\t\t<div class=\"imageholder\">\n\n\t\t\t\t\t<img decoding=\"async\" src=\"https:\/\/www.malmarks.com\/wp-content\/uploads\/neverstop.png\" \/>\n\n\t\t\t\t<\/div>\n\n\t\t\t<\/div>\n\n\t\t<\/div>\n\n\t<\/div>\n\n<\/div>\n\n\n\n<div class=\"wp-block-columns inner is-layout-flex wp-container-core-columns-is-layout-9d6595d7 wp-block-columns-is-layout-flex\">\n<div class=\"wp-block-column is-layout-flow wp-block-column-is-layout-flow\">\n<figure class=\"wp-block-image size-full\"><img loading=\"lazy\" decoding=\"async\" width=\"1000\" height=\"1000\" src=\"http:\/\/www.malmarks.com\/wp-content\/uploads\/brand1.jpg\" alt=\"\" class=\"wp-image-80\" srcset=\"https:\/\/www.malmarks.com\/wp-content\/uploads\/brand1.jpg 1000w, https:\/\/www.malmarks.com\/wp-content\/uploads\/brand1-300x300.jpg 300w, https:\/\/www.malmarks.com\/wp-content\/uploads\/brand1-150x150.jpg 150w, https:\/\/www.malmarks.com\/wp-content\/uploads\/brand1-768x768.jpg 768w\" sizes=\"auto, (max-width: 1000px) 100vw, 1000px\" \/><\/figure>\n\n\n\n<h3 class=\"wp-block-heading\">Bois \u00e0 br\u00fbler<\/h3>\n\n\n\n<p>Depuis les ann\u00e9es 90, M\u00e5lmarks dispose d&rsquo;un bon r\u00e9seau de contacts dans les pays baltes, d&rsquo;o\u00f9 nous fournissons du bois et d&rsquo;autres produits du bois \u00e0 un certain nombre d&rsquo;entreprises su\u00e9doises. Contactez-nous si vous voulez en savoir plus!<\/p>\n<\/div>\n\n\n\n<div class=\"wp-block-column is-layout-flow wp-block-column-is-layout-flow\">\n<figure class=\"wp-block-image size-full\"><img loading=\"lazy\" decoding=\"async\" width=\"1000\" height=\"1001\" src=\"http:\/\/www.malmarks.com\/wp-content\/uploads\/chargeamps.jpg\" alt=\"\" class=\"wp-image-559\" srcset=\"https:\/\/www.malmarks.com\/wp-content\/uploads\/chargeamps.jpg 1000w, https:\/\/www.malmarks.com\/wp-content\/uploads\/chargeamps-300x300.jpg 300w, https:\/\/www.malmarks.com\/wp-content\/uploads\/chargeamps-150x150.jpg 150w, https:\/\/www.malmarks.com\/wp-content\/uploads\/chargeamps-768x769.jpg 768w, https:\/\/www.malmarks.com\/wp-content\/uploads\/chargeamps-600x600.jpg 600w\" sizes=\"auto, (max-width: 1000px) 100vw, 1000px\" \/><\/figure>\n\n\n\n<h3 class=\"wp-block-heading\">Charge Amps<\/h3>\n\n\n\n<p>M\u00e5lmarks a conclu un accord de distribution exclusif de chargeurs de voitures \u00e9lectriques au Br\u00e9sil avec le fabricant su\u00e9dois Charge Amps. Il s&rsquo;agit d&rsquo;un investissement \u00e0 long terme dans un march\u00e9 de plus de 200 millions d&rsquo;habitants.<\/p>\n<\/div>\n\n\n\n<div class=\"wp-block-column is-layout-flow wp-block-column-is-layout-flow\">\n<figure class=\"wp-block-image size-full\"><img loading=\"lazy\" decoding=\"async\" width=\"1000\" height=\"1000\" src=\"http:\/\/www.malmarks.com\/wp-content\/uploads\/brand3.jpg\" alt=\"\" class=\"wp-image-82\" srcset=\"https:\/\/www.malmarks.com\/wp-content\/uploads\/brand3.jpg 1000w, https:\/\/www.malmarks.com\/wp-content\/uploads\/brand3-300x300.jpg 300w, https:\/\/www.malmarks.com\/wp-content\/uploads\/brand3-150x150.jpg 150w, https:\/\/www.malmarks.com\/wp-content\/uploads\/brand3-768x768.jpg 768w\" sizes=\"auto, (max-width: 1000px) 100vw, 1000px\" \/><\/figure>\n\n\n\n<h3 class=\"wp-block-heading\">Votre nouveau fournisseur<\/h3>\n\n\n\n<p>Si vous avez des probl\u00e8mes pour obtenir des produits du fournisseur actuel ou si vous avez besoin de nouveaux canaux d&rsquo;achat, veuillez nous contacter.<\/p>\n<\/div>\n<\/div>\n\n\n\n<div class=\"wp-block-buttons pb100 is-layout-flex wp-block-buttons-is-layout-flex\">\n<div class=\"wp-block-button\"><a class=\"wp-block-button__link wp-element-button\" href=\"\/wp-content\/uploads\/allmanna_forsaljningsvillkor_2014.pdf\" target=\"_blank\" rel=\"noreferrer noopener\">T\u00e9l\u00e9chargez notre politique au format pdf (en anglais)<\/a><\/div>\n<\/div>\n","protected":false},"excerpt":{"rendered":"<p>Bois \u00e0 br\u00fbler Depuis les ann\u00e9es 90, M\u00e5lmarks dispose d&rsquo;un bon r\u00e9seau de contacts dans les pays baltes, d&rsquo;o\u00f9 nous fournissons du bois et d&rsquo;autres produits du bois \u00e0 un certain nombre d&rsquo;entreprises su\u00e9doises. Contactez-nous si vous voulez en savoir plus! Charge Amps M\u00e5lmarks a conclu un accord de distribution exclusif de chargeurs de voitures [&hellip;]<\/p>\n","protected":false},"author":1,"featured_media":0,"parent":0,"menu_order":0,"comment_status":"closed","ping_status":"closed","template":"","meta":{"footnotes":""},"class_list":["post-1793","page","type-page","status-publish","hentry"],"featured_image_src":null,"featured_image_src_square":null,"_links":{"self":[{"href":"https:\/\/www.malmarks.com\/fr\/wp-json\/wp\/v2\/pages\/1793","targetHints":{"allow":["GET"]}}],"collection":[{"href":"https:\/\/www.malmarks.com\/fr\/wp-json\/wp\/v2\/pages"}],"about":[{"href":"https:\/\/www.malmarks.com\/fr\/wp-json\/wp\/v2\/types\/page"}],"author":[{"embeddable":true,"href":"https:\/\/www.malmarks.com\/fr\/wp-json\/wp\/v2\/users\/1"}],"replies":[{"embeddable":true,"href":"https:\/\/www.malmarks.com\/fr\/wp-json\/wp\/v2\/comments?post=1793"}],"version-history":[{"count":4,"href":"https:\/\/www.malmarks.com\/fr\/wp-json\/wp\/v2\/pages\/1793\/revisions"}],"predecessor-version":[{"id":1797,"href":"https:\/\/www.malmarks.com\/fr\/wp-json\/wp\/v2\/pages\/1793\/revisions\/1797"}],"wp:attachment":[{"href":"https:\/\/www.malmarks.com\/fr\/wp-json\/wp\/v2\/media?parent=1793"}],"curies":[{"name":"wp","href":"https:\/\/api.w.org\/{rel}","templated":true}]}}