{"id":1798,"date":"2023-06-12T20:37:53","date_gmt":"2023-06-12T18:37:53","guid":{"rendered":"https:\/\/www.malmarks.com\/?page_id=1798"},"modified":"2023-10-31T15:59:50","modified_gmt":"2023-10-31T14:59:50","slug":"durabilite","status":"publish","type":"page","link":"https:\/\/www.malmarks.com\/fr\/durabilite\/","title":{"rendered":"Durabilit\u00e9"},"content":{"rendered":"<div class=\"overlay h100\" style= \"background-image: url(https:\/\/www.malmarks.com\/wp-content\/uploads\/berg.jpg)\">\n\n\t<div class=\"plate\">\n\n\t\t<div class=\"inner\">\n\n\t\t\t\n\n<h2 class=\"wp-block-heading\">DURABILIT\u00c9<\/h2>\n\n\n\n<h3 class=\"wp-block-heading\"><\/h3>\n\n\n\n<p>En raison du fait que nous avons notre propre production, nous avons \u00e0 la fois la perspicacit\u00e9 et le contr\u00f4le, ce qui garantit la qualit\u00e9.<\/p>\n\n\n\n<p>Notre usine en Hongrie est certifi\u00e9e ISO 14001, une norme pour travailler \u00e0 r\u00e9duire l&rsquo;impact environnemental.<\/p>\n\n\n\n<p><\/p>\n\n\n\n<div class=\"wp-block-buttons is-layout-flex wp-block-buttons-is-layout-flex\"><\/div>\n\n\n\t\t<\/div>\n\n\t<\/div>\n\n<\/div>\n\n\n<div class=\"boxsection \">\n\n\t<div class=\"inner\">\n\n\t\t<div class=\"row\">\n\n\t\t\t<div class=\"content col-lg-6 col-md-12 order-2 order-lg-1 right\">\n\n\t\t\t\t\n\t\t\t\t<div class=\"text\">\n\n<p>Dans notre production, nous utilisons du poly\u00e9thyl\u00e8ne haute densit\u00e9, du plastique HDPE. Les caract\u00e9ristiques positives du PEHD sont qu&rsquo;il est possible de rendre les aliments approuv\u00e9s et qu&rsquo;ils ont une bonne r\u00e9sistance \u00e0 l&rsquo;humidit\u00e9 et aux produits chimiques, il existe \u00e9galement de bonnes possibilit\u00e9s de recycler le plastique.<\/p>\n\n\n\n<p>Nous vendons du plastique r\u00e9siduel qui reste pendant la production pour \u00eatre utilis\u00e9 pour de nouveaux produits, nous travaillons \u00e0 r\u00e9duire les d\u00e9chets afin que le plus possible de la mati\u00e8re puisse \u00eatre utilis\u00e9e. Notre directeur d&rsquo;usine, Lajos Simon, ainsi que notre responsable de la production et de la qualit\u00e9 P\u00e9ter Pusk\u00e1s, dirigent le travail dans l&rsquo;usine et s&rsquo;efforcent constamment d&rsquo;assurer une qualit\u00e9 continue et une m\u00e9thode de travail durable. L&rsquo;usine est certifi\u00e9e ISO 9001 qui est un syst\u00e8me de gestion de la qualit\u00e9.<\/p>\n\n\n\n<p>Si vous \u00eates int\u00e9ress\u00e9 par des produits en bioplastique et\/ou PCR (post-consommation recycl\u00e9e), veuillez nous contacter.<\/p>\n\n<\/div>\n\n\t\t\t\t\n\t\t\t<\/div>\n\n\t\t\t<div class=\"mediaholder col-lg-6 col-md-12 order-1 order-lg-2 right\">\n\n\t\t\t\t<div class=\"imageholder\">\n\n\t\t\t\t\t<img decoding=\"async\" src=\"https:\/\/www.malmarks.com\/wp-content\/uploads\/never5.jpg\" \/>\n\n\t\t\t\t<\/div>\n\n\t\t\t<\/div>\n\n\t\t<\/div>\n\n\t<\/div>\n\n<\/div>\n\n\n<div class=\"section narrow\">\n\n\t<div class=\"inner\">\n\n\t\t\n\n<div class=\"wp-block-columns is-layout-flex wp-container-core-columns-is-layout-9d6595d7 wp-block-columns-is-layout-flex\">\n<div class=\"wp-block-column is-layout-flow wp-block-column-is-layout-flow\"><div class=\"wp-block-image\">\n<figure class=\"aligncenter size-full\"><img loading=\"lazy\" decoding=\"async\" width=\"94\" height=\"138\" src=\"http:\/\/www.malmarks.com\/wp-content\/uploads\/9001iso-3.png\" alt=\"\" class=\"wp-image-1596\" \/><\/figure>\n<\/div><\/div>\n\n\n\n<div class=\"wp-block-column is-layout-flow wp-block-column-is-layout-flow\"><div class=\"wp-block-image\">\n<figure class=\"aligncenter size-full\"><img loading=\"lazy\" decoding=\"async\" width=\"120\" height=\"139\" src=\"http:\/\/www.malmarks.com\/wp-content\/uploads\/iso14001.png\" alt=\"\" class=\"wp-image-1555\" \/><\/figure>\n<\/div><\/div>\n\n\n\n<div class=\"wp-block-column is-layout-flow wp-block-column-is-layout-flow\"><div class=\"wp-block-image\">\n<figure class=\"aligncenter size-full\"><img loading=\"lazy\" decoding=\"async\" width=\"120\" height=\"140\" src=\"http:\/\/www.malmarks.com\/wp-content\/uploads\/fsc-1.png\" alt=\"\" class=\"wp-image-1603\" \/><\/figure>\n<\/div><\/div>\n<\/div>\n\n\n\t<\/div>\n\n<\/div>\n","protected":false},"excerpt":{"rendered":"","protected":false},"author":1,"featured_media":0,"parent":0,"menu_order":0,"comment_status":"closed","ping_status":"closed","template":"","meta":{"footnotes":""},"class_list":["post-1798","page","type-page","status-publish","hentry"],"featured_image_src":null,"featured_image_src_square":null,"_links":{"self":[{"href":"https:\/\/www.malmarks.com\/fr\/wp-json\/wp\/v2\/pages\/1798","targetHints":{"allow":["GET"]}}],"collection":[{"href":"https:\/\/www.malmarks.com\/fr\/wp-json\/wp\/v2\/pages"}],"about":[{"href":"https:\/\/www.malmarks.com\/fr\/wp-json\/wp\/v2\/types\/page"}],"author":[{"embeddable":true,"href":"https:\/\/www.malmarks.com\/fr\/wp-json\/wp\/v2\/users\/1"}],"replies":[{"embeddable":true,"href":"https:\/\/www.malmarks.com\/fr\/wp-json\/wp\/v2\/comments?post=1798"}],"version-history":[{"count":3,"href":"https:\/\/www.malmarks.com\/fr\/wp-json\/wp\/v2\/pages\/1798\/revisions"}],"predecessor-version":[{"id":2114,"href":"https:\/\/www.malmarks.com\/fr\/wp-json\/wp\/v2\/pages\/1798\/revisions\/2114"}],"wp:attachment":[{"href":"https:\/\/www.malmarks.com\/fr\/wp-json\/wp\/v2\/media?parent=1798"}],"curies":[{"name":"wp","href":"https:\/\/api.w.org\/{rel}","templated":true}]}}