{"id":1801,"date":"2023-04-13T14:03:31","date_gmt":"2023-04-13T12:03:31","guid":{"rendered":"https:\/\/www.malmarks.com\/?page_id=1801"},"modified":"2023-12-14T12:23:13","modified_gmt":"2023-12-14T11:23:13","slug":"qui-sommes-nous","status":"publish","type":"page","link":"https:\/\/www.malmarks.com\/fr\/qui-sommes-nous\/","title":{"rendered":"Qui sommes-nous"},"content":{"rendered":"<div class=\"overlay m145vh\" style= \"background-image: url(https:\/\/www.malmarks.com\/wp-content\/uploads\/fabriken2.jpg)\">\n\n\t<div class=\"plate\">\n\n\t\t<div class=\"inner\">\n\n\t\t\t\n\n<h2 class=\"wp-block-heading\">QUI SOMMES-NOUS<\/h2>\n\n\n\n<p>M\u00e5lmarks est une entreprise familiale en pleine expansion. Nous sommes depuis longtemps le leader du march\u00e9 dans la r\u00e9gion nordique en ce qui concerne la vente de bidons de carburant avec accessoires, mais notre march\u00e9 est principalement en Europe. Avec notre propre production de produits en plastique moul\u00e9 par soufflage en Europe centrale, nous pouvons facilement et rapidement les distribuer sur tout le continent.<\/p>\n\n\n\n<p>En Su\u00e8de, il existe \u00e9galement un entrep\u00f4t pour des livraisons rapides aux clients nordiques.<\/p>\n\n\n\n<p>Notre soci\u00e9t\u00e9 est \u00e9galement engag\u00e9e dans le commerce de gros depuis plus de 30 ans et poss\u00e8de une solide exp\u00e9rience dans l&rsquo;importation et l&rsquo;exportation dans le monde entier. Nous sommes sp\u00e9cialis\u00e9s dans la recherche du produit que vous voulez, la r\u00e9solution de la logistique et aussi l&rsquo;entreposage. En plus de ses propres bureaux commerciaux \u00e0 Hong Kong et au Br\u00e9sil, il existe \u00e9galement des contacts \u00e9tablis dans plusieurs autres pays.<\/p>\n\n\n\n<div class=\"wp-block-buttons is-layout-flex wp-block-buttons-is-layout-flex\">\n<div class=\"wp-block-button\"><a class=\"wp-block-button__link wp-element-button\" href=\"#kontakt\">ContaCTEZ-NOUS<\/a><\/div>\n<\/div>\n\n\n\t\t<\/div>\n\n\t<\/div>\n\n<\/div>\n\n\n<div class=\"boxsection \">\n\n\t<div class=\"inner\">\n\n\t\t<div class=\"row\">\n\n\t\t\t<div class=\"content col-lg-6 col-md-12 order-2 order-lg-2 left\">\n\n\t\t\t\t\t\t\t\t\t<h2>Qualit\u00e9, s\u00e9curit\u00e9 et environnement<\/h2>\n\t\t\t\t\n\t\t\t\t<div class=\"text\">\n\n<p>Nous mettons l&rsquo;accent sur la qualit\u00e9, l&rsquo;environnement et le service. Nous sommes en contact \u00e9troit avec nos clients et essayons de faire tout notre possible pour r\u00e9pondre \u00e0 la fois aux demandes et aux plaintes. Les clients doivent se sentir bien pris en charge avec nous, pour une longue et belle coop\u00e9ration. Voici comment nous pensons \u00e0 la <a href=\"\/hallbarhet\/\" data-type=\"page\" data-id=\"1269\">durabilit\u00e9<\/a>. <\/p>\n\n<\/div>\n\n\t\t\t\t\n\t\t\t<\/div>\n\n\t\t\t<div class=\"mediaholder col-lg-6 col-md-12 order-1 order-lg-1 left\">\n\n\t\t\t\t<div class=\"imageholder\">\n\n\t\t\t\t\t<img decoding=\"async\" src=\"https:\/\/www.malmarks.com\/wp-content\/uploads\/om-sec1.jpg\" \/>\n\n\t\t\t\t<\/div>\n\n\t\t\t<\/div>\n\n\t\t<\/div>\n\n\t<\/div>\n\n<\/div>\n","protected":false},"excerpt":{"rendered":"","protected":false},"author":1,"featured_media":0,"parent":0,"menu_order":0,"comment_status":"closed","ping_status":"closed","template":"","meta":{"footnotes":""},"class_list":["post-1801","page","type-page","status-publish","hentry"],"featured_image_src":null,"featured_image_src_square":null,"_links":{"self":[{"href":"https:\/\/www.malmarks.com\/fr\/wp-json\/wp\/v2\/pages\/1801","targetHints":{"allow":["GET"]}}],"collection":[{"href":"https:\/\/www.malmarks.com\/fr\/wp-json\/wp\/v2\/pages"}],"about":[{"href":"https:\/\/www.malmarks.com\/fr\/wp-json\/wp\/v2\/types\/page"}],"author":[{"embeddable":true,"href":"https:\/\/www.malmarks.com\/fr\/wp-json\/wp\/v2\/users\/1"}],"replies":[{"embeddable":true,"href":"https:\/\/www.malmarks.com\/fr\/wp-json\/wp\/v2\/comments?post=1801"}],"version-history":[{"count":2,"href":"https:\/\/www.malmarks.com\/fr\/wp-json\/wp\/v2\/pages\/1801\/revisions"}],"predecessor-version":[{"id":1803,"href":"https:\/\/www.malmarks.com\/fr\/wp-json\/wp\/v2\/pages\/1801\/revisions\/1803"}],"wp:attachment":[{"href":"https:\/\/www.malmarks.com\/fr\/wp-json\/wp\/v2\/media?parent=1801"}],"curies":[{"name":"wp","href":"https:\/\/api.w.org\/{rel}","templated":true}]}}