{"id":1815,"date":"2023-04-13T14:40:58","date_gmt":"2023-04-13T12:40:58","guid":{"rendered":"https:\/\/www.malmarks.com\/?page_id=1815"},"modified":"2023-12-14T12:22:58","modified_gmt":"2023-12-14T11:22:58","slug":"carriere","status":"publish","type":"page","link":"https:\/\/www.malmarks.com\/fr\/carriere\/","title":{"rendered":"Carri\u00e8re"},"content":{"rendered":"<div class=\"section pt50 pb0\">\n\n\t<div class=\"inner\">\n\n\t\t\n\n<h2 class=\"wp-block-heading has-text-align-center sectionheader\">CARRI\u00c8RE<\/h2>\n\n\n\n<p class=\"has-text-align-center\">M\u00e5lmarks est une entreprise familiale su\u00e9doise en pleine croissance avec une port\u00e9e internationale. Nous sommes toujours \u00e0 la recherche de nouveaux employ\u00e9s qui veulent se d\u00e9velopper et travailler avec nous pour fa\u00e7onner l&rsquo;industrie du plastique du futur.<\/p>\n\n\n\t<\/div>\n\n<\/div>\n\n\n<div class=\"section iconblock\">\n\n\t<div class=\"inner\">\n\n\t\t\n\n<h3 class=\"wp-block-heading\">Nous recherchons toujours des personnes qui&#8230;<\/h3>\n\n\n\n<div class=\"wp-block-columns is-layout-flex wp-container-core-columns-is-layout-9d6595d7 wp-block-columns-is-layout-flex\">\n<div class=\"wp-block-column is-layout-flow wp-block-column-is-layout-flow\">\n<figure class=\"wp-block-image size-full\"><img loading=\"lazy\" decoding=\"async\" width=\"606\" height=\"606\" src=\"http:\/\/www.malmarks.com\/wp-content\/uploads\/icon-flash.png\" alt=\"\" class=\"wp-image-110\" srcset=\"https:\/\/www.malmarks.com\/wp-content\/uploads\/icon-flash.png 606w, https:\/\/www.malmarks.com\/wp-content\/uploads\/icon-flash-300x300.png 300w, https:\/\/www.malmarks.com\/wp-content\/uploads\/icon-flash-150x150.png 150w, https:\/\/www.malmarks.com\/wp-content\/uploads\/icon-flash-600x600.png 600w\" sizes=\"auto, (max-width: 606px) 100vw, 606px\" \/><\/figure>\n\n\n\n<h4 class=\"wp-block-heading\">&#8230;SONT GRANDEMENT MOTIV\u00c9S<\/h4>\n\n\n\n<p>Votre motivation est notre plus grand atout. Le succ\u00e8s de M\u00e5lmark repose sur le fait que tous les employ\u00e9s ont la responsabilit\u00e9 de faire avancer leur propre d\u00e9veloppement et le n\u00f4tre.<\/p>\n<\/div>\n\n\n\n<div class=\"wp-block-column is-layout-flow wp-block-column-is-layout-flow\">\n<figure class=\"wp-block-image size-full\"><img loading=\"lazy\" decoding=\"async\" width=\"200\" height=\"150\" src=\"http:\/\/www.malmarks.com\/wp-content\/uploads\/icon-team.png\" alt=\"\" class=\"wp-image-44\" \/><\/figure>\n\n\n\n<h4 class=\"wp-block-heading\">&#8230;FONT PASSER L&rsquo;\u00c9QUIPE AVANT ELLES-M\u00caMES<\/h4>\n\n\n\n<p>M\u00e5lmarks est une entreprise familiale qui se comporte comme une famille. Nous nous soutenons mutuellement quand les choses sont difficiles, c\u00e9l\u00e9brons quand les choses vont bien et sommes toujours l\u00e0 les uns pour les autres<\/p>\n<\/div>\n\n\n\n<div class=\"wp-block-column is-layout-flow wp-block-column-is-layout-flow\">\n<figure class=\"wp-block-image size-full\"><img loading=\"lazy\" decoding=\"async\" width=\"200\" height=\"200\" src=\"http:\/\/www.malmarks.com\/wp-content\/uploads\/icon-books.png\" alt=\"\" class=\"wp-image-111\" srcset=\"https:\/\/www.malmarks.com\/wp-content\/uploads\/icon-books.png 200w, https:\/\/www.malmarks.com\/wp-content\/uploads\/icon-books-150x150.png 150w\" sizes=\"auto, (max-width: 200px) 100vw, 200px\" \/><\/figure>\n\n\n\n<h4 class=\"wp-block-heading\">&#8230;NE SONT JAMAIS PLEINEMENT QUALIFI\u00c9S.<\/h4>\n\n\n\n<p>Vous ayez 30 ans ou 3 mois d&rsquo;exp\u00e9rience. Vous \u00eates toujours ouvert aux nouvelles id\u00e9es, \u00e0 la fois des autres et de vous-m\u00eame, et vous voulez toujours vous am\u00e9liorer.<\/p>\n<\/div>\n<\/div>\n\n\n\t<\/div>\n\n<\/div>\n\n\n<div class=\"section iconblock\">\n\n\t<div class=\"inner\">\n\n\t\t\n\n<h3 class=\"wp-block-heading\">M\u00c5LMARKS est:<\/h3>\n\n\n\n<div class=\"wp-block-columns is-layout-flex wp-container-core-columns-is-layout-9d6595d7 wp-block-columns-is-layout-flex\">\n<div class=\"wp-block-column is-layout-flow wp-block-column-is-layout-flow\">\n<figure class=\"wp-block-image size-full\"><img loading=\"lazy\" decoding=\"async\" width=\"200\" height=\"200\" src=\"http:\/\/www.malmarks.com\/wp-content\/uploads\/icon-global.png\" alt=\"\" class=\"wp-image-25\" srcset=\"https:\/\/www.malmarks.com\/wp-content\/uploads\/icon-global.png 200w, https:\/\/www.malmarks.com\/wp-content\/uploads\/icon-global-150x150.png 150w\" sizes=\"auto, (max-width: 200px) 100vw, 200px\" \/><\/figure>\n\n\n\n<h4 class=\"wp-block-heading\">UN LIEU DE TRAVAIL INTERNATIONAL<\/h4>\n\n\n\n<p>&#8230;avec un engagement personnel. Avec notre si\u00e8ge social et notre entrep\u00f4t central en Su\u00e8de, notre usine en Hongrie, nos livraisons dans toute l&rsquo;Europe, plus de 25 ans d&rsquo;exp\u00e9rience dans le commerce en Extr\u00eame-Orient et notre bureau de vente au Br\u00e9sil, nous avons des coll\u00e8gues du monde entier.<\/p>\n<\/div>\n\n\n\n<div class=\"wp-block-column is-layout-flow wp-block-column-is-layout-flow\">\n<figure class=\"wp-block-image size-full\"><img loading=\"lazy\" decoding=\"async\" width=\"200\" height=\"116\" src=\"http:\/\/www.malmarks.com\/wp-content\/uploads\/icon-flat-organisation.png\" alt=\"\" class=\"wp-image-112\" \/><\/figure>\n\n\n\n<h4 class=\"wp-block-heading\">UNE ORGANISATION PLATE<\/h4>\n\n\n\n<p>&#8230;qui valorise la capacit\u00e9 de d\u00e9veloppement de l&#8217;employ\u00e9. Nous travaillons en \u00e9troite collaboration et voyons votre performance, pas vos m\u00e9rites.<\/p>\n<\/div>\n\n\n\n<div class=\"wp-block-column is-layout-flow wp-block-column-is-layout-flow\">\n<figure class=\"wp-block-image size-full\"><img loading=\"lazy\" decoding=\"async\" width=\"200\" height=\"200\" src=\"http:\/\/www.malmarks.com\/wp-content\/uploads\/icon-environment.png\" alt=\"\" class=\"wp-image-30\" srcset=\"https:\/\/www.malmarks.com\/wp-content\/uploads\/icon-environment.png 200w, https:\/\/www.malmarks.com\/wp-content\/uploads\/icon-environment-150x150.png 150w\" sizes=\"auto, (max-width: 200px) 100vw, 200px\" \/><\/figure>\n\n\n\n<h4 class=\"wp-block-heading\">UNE ORGANISATION EN PLEINE CROISSANCE<\/h4>\n\n\n\n<p>&#8230;o\u00f9 de nouveaux postes de direction devront \u00eatre pourvus. Nous sommes heureux de recruter en interne, pour nous assurer que les dirigeants de l&rsquo;entreprise comprennent ce que signifie travailler chez M\u00e5lmarks.<\/p>\n<\/div>\n<\/div>\n\n\n\t<\/div>\n\n<\/div>\n\n\n\n<div style=\"padding-bottom:6%;padding-top:6%\" class=\"wp-block-genesis-blocks-gb-container gb-block-container\"><div class=\"gb-container-inside\"><div class=\"gb-container-image-wrap\"><img decoding=\"async\" class=\"gb-container-image has-background-dim\" object-fit=\"cover\"  src=\"http:\/\/www.malmarks.com\/wp-content\/uploads\/karriar-kontakt.jpg\" alt=\"\"\/><\/div><div class=\"gb-container-content\">\n<div class=\"wp-block-columns is-layout-flex wp-container-core-columns-is-layout-9d6595d7 wp-block-columns-is-layout-flex\">\n<div class=\"wp-block-column is-layout-flow wp-block-column-is-layout-flow\"><div class=\"wp-block-image\">\n<figure class=\"alignright size-full\"><img loading=\"lazy\" decoding=\"async\" width=\"600\" height=\"342\" src=\"http:\/\/www.malmarks.com\/wp-content\/uploads\/kontakt2.jpg\" alt=\"\" class=\"wp-image-114\" srcset=\"https:\/\/www.malmarks.com\/wp-content\/uploads\/kontakt2.jpg 600w, https:\/\/www.malmarks.com\/wp-content\/uploads\/kontakt2-300x171.jpg 300w\" sizes=\"auto, (max-width: 600px) 100vw, 600px\" \/><\/figure>\n<\/div><\/div>\n\n\n\n<div class=\"wp-block-column contactform cv is-layout-flow wp-block-column-is-layout-flow\">\n<h3 class=\"wp-block-heading\">\u00cates-vous notre nouveau coll\u00e8gue?<\/h3>\n\n\n\n<p>Veuillez nous envoyer vos coordonn\u00e9es, votre CV et votre lettre personnelle, et nous vous r\u00e9pondrons dans les plus brefs d\u00e9lais.<\/p>\n\n\n\n<div class=\"wpcf7 no-js\" id=\"wpcf7-f1964-o1\" lang=\"fr-FR\" dir=\"ltr\" data-wpcf7-id=\"1964\">\n<div class=\"screen-reader-response\"><p role=\"status\" aria-live=\"polite\" aria-atomic=\"true\"><\/p> <ul><\/ul><\/div>\n<form action=\"\/fr\/wp-json\/wp\/v2\/pages\/1815#wpcf7-f1964-o1\" method=\"post\" class=\"wpcf7-form init\" aria-label=\"Formulaire de contact\" enctype=\"multipart\/form-data\" novalidate=\"novalidate\" data-status=\"init\">\n<fieldset class=\"hidden-fields-container\"><input type=\"hidden\" name=\"_wpcf7\" value=\"1964\" \/><input type=\"hidden\" name=\"_wpcf7_version\" value=\"6.1.4\" \/><input type=\"hidden\" name=\"_wpcf7_locale\" value=\"fr_FR\" \/><input type=\"hidden\" name=\"_wpcf7_unit_tag\" value=\"wpcf7-f1964-o1\" \/><input type=\"hidden\" name=\"_wpcf7_container_post\" value=\"0\" \/><input type=\"hidden\" name=\"_wpcf7_posted_data_hash\" value=\"\" \/>\n<\/fieldset>\n<div class=\"row\">\n\t<div class=\"col-lg-6\">\n\t\t<p><span class=\"wpcf7-form-control-wrap\" data-name=\"first-name\"><input size=\"40\" maxlength=\"400\" class=\"wpcf7-form-control wpcf7-text wpcf7-validates-as-required\" aria-required=\"true\" aria-invalid=\"false\" placeholder=\"Pr\u00e9nom*\" value=\"\" type=\"text\" name=\"first-name\" \/><\/span>\n\t\t<\/p>\n\t<\/div>\n\t<div class=\"col-lg-6\">\n\t\t<p><span class=\"wpcf7-form-control-wrap\" data-name=\"last-name\"><input size=\"40\" maxlength=\"400\" class=\"wpcf7-form-control wpcf7-text wpcf7-validates-as-required\" aria-required=\"true\" aria-invalid=\"false\" placeholder=\"Nom de famille*\" value=\"\" type=\"text\" name=\"last-name\" \/><\/span>\n\t\t<\/p>\n\t<\/div>\n\t<div class=\"col-lg-6\">\n\t\t<p><span class=\"wpcf7-form-control-wrap\" data-name=\"phone\"><input size=\"40\" maxlength=\"400\" class=\"wpcf7-form-control wpcf7-text\" aria-invalid=\"false\" placeholder=\"Num\u00e9ro de t\u00e9l\u00e9phone\" value=\"\" type=\"text\" name=\"phone\" \/><\/span>\n\t\t<\/p>\n\t<\/div>\n\t<div class=\"col-lg-6\">\n\t\t<p><span class=\"wpcf7-form-control-wrap\" data-name=\"email\"><input size=\"40\" maxlength=\"400\" class=\"wpcf7-form-control wpcf7-email wpcf7-validates-as-required wpcf7-text wpcf7-validates-as-email\" aria-required=\"true\" aria-invalid=\"false\" placeholder=\"Adresse e-mail*\" value=\"\" type=\"email\" name=\"email\" \/><\/span>\n\t\t<\/p>\n\t<\/div>\n\t<div class=\"col-lg-6\">\n\t\t<p><span class=\"wpcf7-form-control-wrap\" data-name=\"message\"><textarea cols=\"40\" rows=\"10\" maxlength=\"2000\" class=\"wpcf7-form-control wpcf7-textarea\" aria-invalid=\"false\" placeholder=\"Message\" name=\"message\"><\/textarea><\/span>\n\t\t<\/p>\n\t<\/div>\n\t<div class=\"col-lg-6\">\n\t\t<p><span class=\"wpcf7-form-control-wrap\" data-name=\"cv-file\"><input size=\"40\" class=\"wpcf7-form-control wpcf7-file\" accept=\".jpg,.pdf,.png,.doc,.docx\" aria-invalid=\"false\" type=\"file\" name=\"cv-file\" \/><\/span><br \/>\n<input class=\"wpcf7-form-control wpcf7-submit has-spinner\" type=\"submit\" value=\"Envoyer\" \/>\n\t\t<\/p>\n\t<\/div>\n<\/div><div class=\"wpcf7-response-output\" aria-hidden=\"true\"><\/div>\n<\/form>\n<\/div>\n\n<\/div>\n<\/div>\n<\/div><\/div><\/div>\n","protected":false},"excerpt":{"rendered":"","protected":false},"author":1,"featured_media":1246,"parent":0,"menu_order":0,"comment_status":"closed","ping_status":"closed","template":"","meta":{"footnotes":""},"class_list":["post-1815","page","type-page","status-publish","has-post-thumbnail","hentry"],"featured_image_src":"https:\/\/www.malmarks.com\/wp-content\/uploads\/team-1-600x400.jpg","featured_image_src_square":"https:\/\/www.malmarks.com\/wp-content\/uploads\/team-1-600x425.jpg","_links":{"self":[{"href":"https:\/\/www.malmarks.com\/fr\/wp-json\/wp\/v2\/pages\/1815","targetHints":{"allow":["GET"]}}],"collection":[{"href":"https:\/\/www.malmarks.com\/fr\/wp-json\/wp\/v2\/pages"}],"about":[{"href":"https:\/\/www.malmarks.com\/fr\/wp-json\/wp\/v2\/types\/page"}],"author":[{"embeddable":true,"href":"https:\/\/www.malmarks.com\/fr\/wp-json\/wp\/v2\/users\/1"}],"replies":[{"embeddable":true,"href":"https:\/\/www.malmarks.com\/fr\/wp-json\/wp\/v2\/comments?post=1815"}],"version-history":[{"count":5,"href":"https:\/\/www.malmarks.com\/fr\/wp-json\/wp\/v2\/pages\/1815\/revisions"}],"predecessor-version":[{"id":1965,"href":"https:\/\/www.malmarks.com\/fr\/wp-json\/wp\/v2\/pages\/1815\/revisions\/1965"}],"wp:featuredmedia":[{"embeddable":true,"href":"https:\/\/www.malmarks.com\/fr\/wp-json\/wp\/v2\/media\/1246"}],"wp:attachment":[{"href":"https:\/\/www.malmarks.com\/fr\/wp-json\/wp\/v2\/media?parent=1815"}],"curies":[{"name":"wp","href":"https:\/\/api.w.org\/{rel}","templated":true}]}}