{"id":1751,"date":"2023-04-13T09:05:37","date_gmt":"2023-04-13T07:05:37","guid":{"rendered":"https:\/\/www.malmarks.com\/?page_id=1751"},"modified":"2023-10-09T15:15:41","modified_gmt":"2023-10-09T13:15:41","slug":"startsida","status":"publish","type":"page","link":"https:\/\/www.malmarks.com\/hu\/","title":{"rendered":"Startsida"},"content":{"rendered":"<div class=\"overlay high m115vh\" style= \"background-image: url(https:\/\/www.malmarks.com\/wp-content\/uploads\/Euro-BAKGRUND-SV-HEMSIDA.jpeg)\">\n\n\t<div class=\"plate\">\n\n\t\t<div class=\"inner\">\n\n\t\t\t\n\n<h2 class=\"wp-block-heading\">MIN\u0150S\u00c9GI TERM\u00c9KEK EUR\u00d3P\u00c1B\u00d3L<\/h2>\n\n\n\n<h1 class=\"wp-block-heading\"><strong>A J\u00d6V\u0150 TERM\u00c9KEI<\/strong><\/h1>\n\n\n\n<p>Dinamikusan n\u00f6vekv\u0151 sv\u00e9d csal\u00e1di v\u00e1llalkoz\u00e1sk\u00e9nt szak\u00e9rtelm\u00fcnk k\u00f6z\u00e9ppontj\u00e1ban&nbsp; a legmagasabb min\u0151s\u00e9g\u0171 \u00e9s egyben k\u00f6rnyezetbar\u00e1t m\u0171anyag term\u00e9kek gy\u00e1rt\u00e1sa \u00e9s \u00e9rt\u00e9kes\u00edt\u00e9se \u00e1ll.<\/p>\n\n\n\n<p>A skandin\u00e1v r\u00e9gi\u00f3 piacvezet\u0151 v\u00e1llalata vagyunk az \u00fczemanyagkann\u00e1k \u00e9s aut\u00f3s tartoz\u00e9kok \u00e9rt\u00e9kes\u00edt\u00e9se ter\u00e9n.<\/p>\n\n\n\n<p>Saj\u00e1t k\u00f6z\u00e9p-eur\u00f3pai gy\u00e1rt\u00f3k\u00f6zpontunk lehet\u0151v\u00e9 teszi partnereink gyors \u00e9s biztons\u00e1gos kiszolg\u00e1l\u00e1s\u00e1t.<\/p>\n\n\n\t\t<\/div>\n\n\t<\/div>\n\n<\/div>\n\n\n\n<div class=\"wp-block-genesis-blocks-gb-container greenbar gb-block-container\"><div class=\"gb-container-inside\"><div class=\"gb-container-content\">\n<div class=\"wp-block-columns inner is-layout-flex wp-container-core-columns-is-layout-9d6595d7 wp-block-columns-is-layout-flex\">\n<div class=\"wp-block-column is-layout-flow wp-block-column-is-layout-flow\">\n<figure class=\"wp-block-image size-full icon\"><img loading=\"lazy\" decoding=\"async\" width=\"200\" height=\"200\" src=\"http:\/\/www.malmarks.com\/wp-content\/uploads\/plastic-containers-white.png\" alt=\"\" class=\"wp-image-13\" srcset=\"https:\/\/www.malmarks.com\/wp-content\/uploads\/plastic-containers-white.png 200w, https:\/\/www.malmarks.com\/wp-content\/uploads\/plastic-containers-white-150x150.png 150w\" sizes=\"auto, (max-width: 200px) 100vw, 200px\" \/><\/figure>\n\n\n\n\u00c9vente t\u00f6bb mint <span class=\"count\">7000000<\/span>\n\n\n\n<p class=\"has-text-align-center\">m\u0171anyag \u00fczemanyagkanna k\u00e9sz\u00fcl \u00fczem\u00fcnkben.<\/p>\n<\/div>\n\n\n\n<div class=\"wp-block-column is-layout-flow wp-block-column-is-layout-flow\">\n<figure class=\"wp-block-image size-full icon\"><img loading=\"lazy\" decoding=\"async\" width=\"200\" height=\"200\" src=\"http:\/\/www.malmarks.com\/wp-content\/uploads\/years-white.png\" alt=\"\" class=\"wp-image-11\" srcset=\"https:\/\/www.malmarks.com\/wp-content\/uploads\/years-white.png 200w, https:\/\/www.malmarks.com\/wp-content\/uploads\/years-white-150x150.png 150w\" sizes=\"auto, (max-width: 200px) 100vw, 200px\" \/><\/figure>\n\n\n\nT\u00f6bb mint <span class=\"count\">20<\/span> \u00e9ves\n\n\n\n<p class=\"has-text-align-center\">m\u0171anyaggy\u00e1rt\u00e1si tapasztalattal rendelkez\u00fcnk.<\/p>\n<\/div>\n\n\n\n<div class=\"wp-block-column is-layout-flow wp-block-column-is-layout-flow\">\n<figure class=\"wp-block-image size-full icon\"><img loading=\"lazy\" decoding=\"async\" width=\"200\" height=\"200\" src=\"http:\/\/www.malmarks.com\/wp-content\/uploads\/global-white.png\" alt=\"\" class=\"wp-image-12\" srcset=\"https:\/\/www.malmarks.com\/wp-content\/uploads\/global-white.png 200w, https:\/\/www.malmarks.com\/wp-content\/uploads\/global-white-150x150.png 150w\" sizes=\"auto, (max-width: 200px) 100vw, 200px\" \/><\/figure>\n\n\n\nEl\u00e9gedett \u00fcgyfeleink a vil\u00e1g <span class=\"count\">22<\/span> orsz\u00e1g\u00e1ban haszn\u00e1lj\u00e1k term\u00e9keinket.\n\n\n\n<p class=\"has-text-align-center\"><\/p>\n<\/div>\n<\/div>\n<\/div><\/div><\/div>\n\n\n<div class=\"section \">\n\n\t<div class=\"inner\">\n\n\t\t\n\n<div class=\"wp-block-columns is-layout-flex wp-container-core-columns-is-layout-9d6595d7 wp-block-columns-is-layout-flex\">\n<div class=\"wp-block-column is-layout-flow wp-block-column-is-layout-flow\"><div class=\"catbox \">\n\n\t\n\t<div class=\"image\">\n\n\t\t<img decoding=\"async\" src=\"https:\/\/www.malmarks.com\/wp-content\/uploads\/Kem1-3.jpg\" \/>\n\n\t<\/div>\n\n\n\t<div class=\"cat-title\">\n\n\t\tGy\u00e1rt\u00e1s\n\t<\/div>\n\n\t<div class=\"cat-text\">\n\n\t\t\n\n<p>A m\u0171anyaggy\u00e1rt\u00e1sban \u00e9s mindenekel\u0151tt a flakonf\u00fav\u00e1sban szerzett sok\u00e9ves tapasztalatunk lehet\u0151v\u00e9 teszi, hogy \u00fcgyfeleinknek hat\u00e9kony megold\u00e1sokat k\u00edn\u00e1ljunk az \u00f6tlett\u0151l eg\u00e9szen a k\u00e9szterm\u00e9kig.<\/p>\n\n\n\n<p><\/p>\n\n\n\n<p>Saj\u00e1t, h\u00e1zon bel\u00fcli termel\u00e9s\u00fcnknek k\u00f6sz\u00f6nhet\u0151en teljes k\u00f6r\u0171 r\u00e1l\u00e1t\u00e1sunk \u00e9s ellen\u0151rz\u00e9s\u00fcnk van a folyamatok f\u00f6l\u00f6tt, a legmagasabb min\u0151s\u00e9g biztos\u00edt\u00e1s\u00e1hoz.<\/p>\n\n\n\t<\/div>\n\n\n\t\n<\/div>\n<\/div>\n\n\n\n<div class=\"wp-block-column is-layout-flow wp-block-column-is-layout-flow\"><div class=\"catbox \">\n\n\t\n\t<div class=\"image\">\n\n\t\t<img decoding=\"async\" src=\"https:\/\/www.malmarks.com\/wp-content\/uploads\/blandbildnever.jpg\" \/>\n\n\t<\/div>\n\n\n\t<div class=\"cat-title\">\n\n\t\tNagykereskedelem\n\t<\/div>\n\n\t<div class=\"cat-text\">\n\n\t\t\n\n<p>Gy\u00e1rt\u00f3i tev\u00e9kenys\u00e9g\u00fcnk mellett, a M\u00e5lmarks egy\u00e9b term\u00e9kek sz\u00e9les sk\u00e1l\u00e1j\u00e1t k\u00edn\u00e1lja a j\u00f3l ismert \u201eNever Stop\u201d m\u00e1rkan\u00e9v alatt.<\/p>\n\n\n\n<p>A M\u00e5lmarksn\u00e1l hat\u00e9konyan oldjuk meg a felmer\u00fcl\u0151 probl\u00e9m\u00e1kat kiterjedt kapcsolatrendszer\u00fcnknek h\u00e1la. B\u00e1rmilyen term\u00e9ket is keres, \u00f6r\u00f6mmel seg\u00edt\u00fcnk megold\u00e1st tal\u00e1lni. K\u00fcldje el nek\u00fcnk aj\u00e1nlatk\u00e9r\u00e9s\u00e9t, \u00e9s a lehet\u0151 leghamarabb felvessz\u00fck \u00d6nnel a kapcsolatot.<\/p>\n\n\n\t<\/div>\n\n\n\t\n<\/div>\n<\/div>\n\n\n\n<div class=\"wp-block-column is-layout-flow wp-block-column-is-layout-flow\"><div class=\"catbox \">\n\n\t\n\t<div class=\"image\">\n\n\t\t<img decoding=\"async\" src=\"https:\/\/www.malmarks.com\/wp-content\/uploads\/lastbil1.jpg\" \/>\n\n\t<\/div>\n\n\n\t<div class=\"cat-title\">\n\n\t\tR\u00d3LUNK\n\t<\/div>\n\n\t<div class=\"cat-text\">\n\n\t\t\n\n<p>A Skandin\u00e1v r\u00e9gi\u00f3ban r\u00e9g\u00f3ta piacvezet\u0151, folyamatosan b\u0151v\u00fcl\u0151 csal\u00e1di v\u00e1llalkoz\u00e1s vagyunk az \u00fczemanyagkann\u00e1k \u00e9s tartoz\u00e9kok \u00e9rt\u00e9kes\u00edt\u00e9s\u00e9ben, \u00e1m f\u0151 piacunk els\u0151sorban Eur\u00f3pa.<\/p>\n\n\n\n<p>K\u00f6z\u00e9p-Eur\u00f3p\u00e1ban elhelyezked\u0151 saj\u00e1t gy\u00e1rt\u00f3\u00fczem\u00fcnkben t\u00f6rt\u00e9nik m\u0171anyag term\u00e9keink el\u0151\u00e1ll\u00edt\u00e1sa, \u00edgy azokat k\u00f6nnyen \u00e9s gyorsan k\u00e9pesek vagyunk eljuttatni a kontinens b\u00e1rmely orsz\u00e1g\u00e1ba.&nbsp;<\/p>\n\n\n\n<p><\/p>\n\n\n\n<p><\/p>\n\n\n\t<\/div>\n\n\n\t\n<\/div>\n<\/div>\n<\/div>\n\n\n\t<\/div>\n\n<\/div>\n\n\n<div class=\"cta section \" style= \"background-image: url(https:\/\/www.malmarks.com\/wp-content\/uploads\/plast.jpeg)\">\n\n\t<div class=\"inner\">\n\n\t\t<h2>GY\u00c1RT\u00c1S<\/h2>\n\n\t\t\n\t\t\n\t<\/div>\n\n<\/div>\n\n\n<div class=\"section iconblock\">\n\n\t<div class=\"inner\">\n\n\t\t\n\n<div class=\"wp-block-columns is-layout-flex wp-container-core-columns-is-layout-9d6595d7 wp-block-columns-is-layout-flex\">\n<div class=\"wp-block-column is-layout-flow wp-block-column-is-layout-flow\">\n<figure class=\"wp-block-image size-full\"><img loading=\"lazy\" decoding=\"async\" width=\"200\" height=\"200\" src=\"http:\/\/www.malmarks.com\/wp-content\/uploads\/icon-years.png\" alt=\"\" class=\"wp-image-23\" srcset=\"https:\/\/www.malmarks.com\/wp-content\/uploads\/icon-years.png 200w, https:\/\/www.malmarks.com\/wp-content\/uploads\/icon-years-150x150.png 150w\" sizes=\"auto, (max-width: 200px) 100vw, 200px\" \/><\/figure>\n\n\n\n<h3 class=\"wp-block-heading\">T\u00d6BB MINT 20 \u00c9V M\u0170ANYAGGY\u00c1RT\u00c1SI TAPASZTALAT<\/h3>\n\n\n\n<p>A M\u00e5lmarks n\u00e9v egyet jelent a biztons\u00e1ggal, a min\u0151s\u00e9ggel \u00e9s a k\u00f6rnyezet-tudatoss\u00e1ggal. Els\u0151sorban flakonf\u00fav\u00e1s technol\u00f3gi\u00e1val gy\u00e1rtjuk m\u0171anyag term\u00e9keinket, de egy\u00e9b ig\u00e9ny eset\u00e9n is \u00f6r\u00f6mmel segit\u00fcnk megold\u00e1st tal\u00e1lni. Eur\u00f3pa sz\u00e1mos ipar\u00e1g\u00e1ba sz\u00e1ll\u00edtunk jelenleg is.<\/p>\n\n\n\n<figure class=\"wp-block-image size-full\"><img loading=\"lazy\" decoding=\"async\" width=\"200\" height=\"137\" src=\"http:\/\/www.malmarks.com\/wp-content\/uploads\/icon-from-to.png\" alt=\"\" class=\"wp-image-24\" \/><\/figure>\n\n\n\n<h3 class=\"wp-block-heading\">\u00f6tlett\u0151l a k\u00e9sz term\u00e9kig, jelen vagyunk<\/h3>\n\n\n\n<p>A legapr\u00f3bb r\u00e9szletekt\u0151l a legnagyobb dolgokig seg\u00edt\u00fcnk megtal\u00e1lni a leghat\u00e9konyabb megold\u00e1st gy\u00e1rt\u00e1si ig\u00e9nyeire.<\/p>\n\n\n\n<p><\/p>\n\n\n\n<p><\/p>\n\n\n\n<p><\/p>\n\n\n\n<p><\/p>\n<\/div>\n\n\n\n<div class=\"wp-block-column is-layout-flow wp-block-column-is-layout-flow\">\n<figure class=\"wp-block-image size-full\"><img loading=\"lazy\" decoding=\"async\" width=\"200\" height=\"200\" src=\"http:\/\/www.malmarks.com\/wp-content\/uploads\/icon-global.png\" alt=\"\" class=\"wp-image-25\" srcset=\"https:\/\/www.malmarks.com\/wp-content\/uploads\/icon-global.png 200w, https:\/\/www.malmarks.com\/wp-content\/uploads\/icon-global-150x150.png 150w\" sizes=\"auto, (max-width: 200px) 100vw, 200px\" \/><\/figure>\n\n\n\n<h3 class=\"wp-block-heading\">Glob\u00e1lis jelenl\u00e9t \u00e9s szem\u00e9lyes elk\u00f6telezetts\u00e9g<\/h3>\n\n\n\n<p>Sv\u00e9dorsz\u00e1gi b\u00e1zissal \u00e9s saj\u00e1t gy\u00e1runkkal Magyarorsz\u00e1gon, brazil \u00e9s hongkongi k\u00e9pviseleteinken kereszt\u00fcl t\u00f6bb mint 22 orsz\u00e1gba sz\u00e1ll\u00edtunk min\u0151s\u00e9gi term\u00e9keket v\u00e1s\u00e1rl\u00f3ink r\u00e9sz\u00e9re.&nbsp;<\/p>\n<\/div>\n<\/div>\n\n\n\n<div class=\"wp-block-buttons is-layout-flex wp-block-buttons-is-layout-flex\">\n<div class=\"wp-block-button\"><a class=\"wp-block-button__link wp-element-button\" href=\"http:\/\/www.malmarks.com\/formblasning\/\">TUDJ meg T\u00d6BBET a GY\u00c1RT\u00c1SUNKR\u00d3L<\/a><\/div>\n<\/div>\n\n\n\t<\/div>\n\n<\/div>\n\n\n\n<p> <\/p>\n\n\n\n<p><\/p>\n\n\n<div class=\"cta section \" style= \"background-image: url(https:\/\/www.malmarks.com\/wp-content\/uploads\/road-1.jpg)\">\n\n\t<div class=\"inner\">\n\n\t\t<h2>NAGYKERESKEDELEM<\/h2>\n\n\t\t\n\n<p>Glob\u00e1lis jelenl\u00e9t \u00e9s szem\u00e9lyes elk\u00f6telezetts\u00e9g<\/p>\n\n\n\t\t\n\t<\/div>\n\n<\/div>\n\n\n<div class=\"section iconblock\">\n\n\t<div class=\"inner\">\n\n\t\t\n\n<div class=\"wp-block-columns is-layout-flex wp-container-core-columns-is-layout-9d6595d7 wp-block-columns-is-layout-flex\">\n<div class=\"wp-block-column is-layout-flow wp-block-column-is-layout-flow\">\n<figure class=\"wp-block-image size-full\"><img loading=\"lazy\" decoding=\"async\" width=\"169\" height=\"200\" src=\"http:\/\/www.malmarks.com\/wp-content\/uploads\/icon-lyhord.png\" alt=\"\" class=\"wp-image-178\" \/><\/figure>\n\n\n\n<h3 class=\"wp-block-heading\">FOG\u00c9KONYAK VAGYUNK<\/h3>\n\n\n\n<p>Meghallgatjuk \u00e9s meg\u00e9rtj\u00fck \u00fcgyfeleink k\u00edv\u00e1ns\u00e1gait \u00e9s ig\u00e9nyeit, \u00e9s igyeksz\u00fcnk a legoptim\u00e1lisabb megold\u00e1sokat tal\u00e1lni azokra. Ily m\u00f3don mind mi, mind \u00fcgyfeleink n\u00f6vekedhetnek \u00e9s fejl\u0151dhetnek<\/p>\n<\/div>\n\n\n\n<div class=\"wp-block-column is-layout-flow wp-block-column-is-layout-flow\">\n<figure class=\"wp-block-image size-full\"><img loading=\"lazy\" decoding=\"async\" width=\"311\" height=\"200\" src=\"http:\/\/www.malmarks.com\/wp-content\/uploads\/icon-natverk.png\" alt=\"\" class=\"wp-image-179\" srcset=\"https:\/\/www.malmarks.com\/wp-content\/uploads\/icon-natverk.png 311w, https:\/\/www.malmarks.com\/wp-content\/uploads\/icon-natverk-300x193.png 300w\" sizes=\"auto, (max-width: 311px) 100vw, 311px\" \/><\/figure>\n\n\n\n<h3 class=\"wp-block-heading\">KAPCSOLATI h\u00e1l\u00f3<\/h3>\n\n\n\n<p>A 80-as \u00e9vekig visszany\u00fal\u00f3 m\u00faltunknak k\u00f6sz\u00f6nhet\u0151en kell\u0151en hossz\u00fa id\u0151nk volt arra, hogy gy\u00fcm\u00f6lcs\u00f6z\u0151 \u00e9s szoros kapcsolatokat alak\u00edtsunk ki sz\u00e1mos c\u00e9ggel \u00e9s besz\u00e1ll\u00edt\u00f3val.<\/p>\n<\/div>\n\n\n\n<div class=\"wp-block-column is-layout-flow wp-block-column-is-layout-flow\">\n<figure class=\"wp-block-image size-full\"><img loading=\"lazy\" decoding=\"async\" width=\"200\" height=\"200\" src=\"http:\/\/www.malmarks.com\/wp-content\/uploads\/icon-kundservice.png\" alt=\"\" class=\"wp-image-180\" srcset=\"https:\/\/www.malmarks.com\/wp-content\/uploads\/icon-kundservice.png 200w, https:\/\/www.malmarks.com\/wp-content\/uploads\/icon-kundservice-150x150.png 150w\" sizes=\"auto, (max-width: 200px) 100vw, 200px\" \/><\/figure>\n\n\n\n<h3 class=\"wp-block-heading\">VEV\u0150SZOLG\u00c1LAT<\/h3>\n\n\n\n<p>Csal\u00e1di v\u00e1llalkoz\u00e1s vagyunk, szem\u00e9lyes elk\u00f6telezetts\u00e9ggel \u00e9s szenved\u00e9llyel az \u00fcgyf\u00e9lszolg\u00e1lat ter\u00e9n.<\/p>\n<\/div>\n<\/div>\n\n\n\n<div class=\"wp-block-buttons is-layout-flex wp-block-buttons-is-layout-flex\">\n<div class=\"wp-block-button\"><a class=\"wp-block-button__link wp-element-button\" href=\"http:\/\/www.malmarks.com\/grossistverksamhet\/\">OLVASS TOV\u00c1BB NAGYKERESKEDELMI TEV\u00c9KENYS\u00c9G\u00dcNKR\u0150L<\/a><\/div>\n<\/div>\n\n\n\t<\/div>\n\n<\/div>\n\n\n<div class=\"cta section \" style= \"background-image: url(https:\/\/www.malmarks.com\/wp-content\/uploads\/malmarkstext4-1.jpg)\">\n\n\t<div class=\"inner\">\n\n\t\t<h2><\/h2>\n\n\t\t\n\t\t\n\t<\/div>\n\n<\/div>\n\n\n<div class=\"section iconblock\">\n\n\t<div class=\"inner\">\n\n\t\t\n\n<div class=\"wp-block-columns is-layout-flex wp-container-core-columns-is-layout-9d6595d7 wp-block-columns-is-layout-flex\">\n<div class=\"wp-block-column is-layout-flow wp-block-column-is-layout-flow\">\n<figure class=\"wp-block-image size-full\"><img loading=\"lazy\" decoding=\"async\" width=\"200\" height=\"200\" src=\"http:\/\/www.malmarks.com\/wp-content\/uploads\/icon-quality.png\" alt=\"\" class=\"wp-image-28\" srcset=\"https:\/\/www.malmarks.com\/wp-content\/uploads\/icon-quality.png 200w, https:\/\/www.malmarks.com\/wp-content\/uploads\/icon-quality-150x150.png 150w\" sizes=\"auto, (max-width: 200px) 100vw, 200px\" \/><\/figure>\n\n\n\n<h3 class=\"wp-block-heading\">MIN\u0150S\u00c9G<\/h3>\n\n\n\n<p>A fogyaszt\u00f3i ig\u00e9nyek kiel\u00e9g\u00edt\u00e9se \u00e9rdek\u00e9ben term\u00e9kpalett\u00e1nkat folyamatosan friss\u00edtj\u00fck a legjobb min\u0151s\u00e9g el\u00e9r\u00e9s\u00e9re f\u00f3kusz\u00e1lva.<\/p>\n<\/div>\n\n\n\n<div class=\"wp-block-column is-layout-flow wp-block-column-is-layout-flow\">\n<figure class=\"wp-block-image size-full\"><img loading=\"lazy\" decoding=\"async\" width=\"200\" height=\"200\" src=\"http:\/\/www.malmarks.com\/wp-content\/uploads\/icon-safety.png\" alt=\"\" class=\"wp-image-29\" srcset=\"https:\/\/www.malmarks.com\/wp-content\/uploads\/icon-safety.png 200w, https:\/\/www.malmarks.com\/wp-content\/uploads\/icon-safety-150x150.png 150w\" sizes=\"auto, (max-width: 200px) 100vw, 200px\" \/><\/figure>\n\n\n\n<h3 class=\"wp-block-heading\">BIZTONS\u00c1G<\/h3>\n\n\n\n<p>Gy\u00e1rt\u00e1si folyamataink folyamatos ki\u00e9rt\u00e9kel\u00e9s\u00e9vel biztos\u00edtjuk, hogy term\u00e9keink mindig biztons\u00e1gos v\u00e1laszt\u00e1st jelentsenek mind a v\u00e1s\u00e1rl\u00f3ink, mind az alkalmazottaink sz\u00e1m\u00e1ra.<\/p>\n<\/div>\n\n\n\n<div class=\"wp-block-column is-layout-flow wp-block-column-is-layout-flow\">\n<figure class=\"wp-block-image size-full\"><img loading=\"lazy\" decoding=\"async\" width=\"200\" height=\"200\" src=\"http:\/\/www.malmarks.com\/wp-content\/uploads\/icon-environment.png\" alt=\"\" class=\"wp-image-30\" srcset=\"https:\/\/www.malmarks.com\/wp-content\/uploads\/icon-environment.png 200w, https:\/\/www.malmarks.com\/wp-content\/uploads\/icon-environment-150x150.png 150w\" sizes=\"auto, (max-width: 200px) 100vw, 200px\" \/><\/figure>\n\n\n\n<h3 class=\"wp-block-heading\">K\u00d6RNYEZET<\/h3>\n\n\n\n<p>C\u00e9lunk, hogy Eur\u00f3p\u00e1ban \u00e9len j\u00e1rjunk egy magasabb k\u00f6rnyezetv\u00e9delmi k\u00f6vetelm\u00e9ny kialak\u00edt\u00e1s\u00e1ban a m\u0171anyag term\u00e9kek gy\u00e1rt\u00e1sa sor\u00e1n.<\/p>\n<\/div>\n<\/div>\n\n\n\n<div class=\"wp-block-buttons is-layout-flex wp-block-buttons-is-layout-flex\">\n<div class=\"wp-block-button\"><a class=\"wp-block-button__link wp-element-button\" href=\"http:\/\/www.malmarks.com\/om-oss\/\">OLVASS TOV\u00c1BB A M\u00e5lmarks-R\u00d3L<\/a><\/div>\n<\/div>\n\n\n\t<\/div>\n\n<\/div>\n\n\n<div class=\"section shade\">\n\n\t<div class=\"inner\">\n\n\t\t\n\n<div class=\"wp-block-columns is-layout-flex wp-container-core-columns-is-layout-9d6595d7 wp-block-columns-is-layout-flex\">\n<div class=\"wp-block-column is-layout-flow wp-block-column-is-layout-flow\">\n<blockquote class=\"wp-block-quote is-layout-flow wp-block-quote-is-layout-flow\">\n<p>Ir\u00e1nyelv\u00fcnk mindig is a magas min\u0151s\u00e9g \u00e9s megb\u00edzhat\u00f3s\u00e1g volt. V\u00e1llalkoz\u00e1si \u00e9s termel\u00e9si tapasztalat 1833 \u00f3ta!<\/p>\n<cite>G\u00d6STA M\u00c5LMARK<br>ALAP\u00cdT\u00d3<\/cite><\/blockquote>\n<\/div>\n\n\n\n<div class=\"wp-block-column is-layout-flow wp-block-column-is-layout-flow\">\n<blockquote class=\"wp-block-quote is-layout-flow wp-block-quote-is-layout-flow\">\n<p>M\u00e5lmarks egy amb\u00edci\u00f3zus v\u00e1llalkoz\u00e1s. Hat\u00e1rozott v\u00e1llalkoz\u00f3i elk\u00f6telezetts\u00e9ggel &#8211; amelynek gy\u00f6kerei a j\u00f3l ismert sv\u00e9dorsz\u00e1gi Gnosj\u00f6 r\u00e9gi\u00f3ban vannak-, szeretn\u00e9nk megsz\u00f3l\u00edtani az \u00fcgyfeleket a vil\u00e1g minden t\u00e1j\u00e1r\u00f3l. Arra t\u00f6reksz\u00fcnk, hogy szolg\u00e1ltat\u00e1sunk \u00e9s professzionalizmusunk olyan magas sz\u00ednvonal\u00fa legyen, mint a term\u00e9keink min\u0151s\u00e9ge. \u00dcdv\u00f6z\u00f6lj\u00fck a M\u00e5lmarksn\u00e1l!<\/p>\n<cite>ANDR\u00c9 SPINOLA<br>VEZ\u00c9RIGAZGAT\u00d3<\/cite><\/blockquote>\n<\/div>\n<\/div>\n\n\n\t<\/div>\n\n<\/div>\n","protected":false},"excerpt":{"rendered":"","protected":false},"author":1,"featured_media":0,"parent":0,"menu_order":0,"comment_status":"closed","ping_status":"closed","template":"","meta":{"footnotes":""},"class_list":["post-1751","page","type-page","status-publish","hentry"],"featured_image_src":null,"featured_image_src_square":null,"_links":{"self":[{"href":"https:\/\/www.malmarks.com\/hu\/wp-json\/wp\/v2\/pages\/1751","targetHints":{"allow":["GET"]}}],"collection":[{"href":"https:\/\/www.malmarks.com\/hu\/wp-json\/wp\/v2\/pages"}],"about":[{"href":"https:\/\/www.malmarks.com\/hu\/wp-json\/wp\/v2\/types\/page"}],"author":[{"embeddable":true,"href":"https:\/\/www.malmarks.com\/hu\/wp-json\/wp\/v2\/users\/1"}],"replies":[{"embeddable":true,"href":"https:\/\/www.malmarks.com\/hu\/wp-json\/wp\/v2\/comments?post=1751"}],"version-history":[{"count":32,"href":"https:\/\/www.malmarks.com\/hu\/wp-json\/wp\/v2\/pages\/1751\/revisions"}],"predecessor-version":[{"id":1995,"href":"https:\/\/www.malmarks.com\/hu\/wp-json\/wp\/v2\/pages\/1751\/revisions\/1995"}],"wp:attachment":[{"href":"https:\/\/www.malmarks.com\/hu\/wp-json\/wp\/v2\/media?parent=1751"}],"curies":[{"name":"wp","href":"https:\/\/api.w.org\/{rel}","templated":true}]}}