{"id":1943,"date":"2023-06-12T20:37:53","date_gmt":"2023-06-12T18:37:53","guid":{"rendered":"https:\/\/www.malmarks.com\/?page_id=1943"},"modified":"2023-10-31T16:02:10","modified_gmt":"2023-10-31T15:02:10","slug":"fenntarthatosag","status":"publish","type":"page","link":"https:\/\/www.malmarks.com\/hu\/fenntarthatosag\/","title":{"rendered":"FENNTARTHAT\u00d3S\u00c1G"},"content":{"rendered":"<div class=\"overlay h100\" style= \"background-image: url(https:\/\/www.malmarks.com\/wp-content\/uploads\/berg.jpg)\">\n\n\t<div class=\"plate\">\n\n\t\t<div class=\"inner\">\n\n\t\t\t\n\n<h2 class=\"wp-block-heading\">FENNTARTHAT\u00d3S\u00c1G<\/h2>\n\n\n\n<h3 class=\"wp-block-heading\"><\/h3>\n\n\n\n<p>Saj\u00e1t termel\u00e9s\u00fcnknek k\u00f6sz\u00f6nhet\u0151en nem csak r\u00e1l\u00e1t\u00e1sunk de r\u00e1hat\u00e1sunk is van a kiv\u00e1l\u00f3 min\u0151s\u00e9g el\u00e9r\u00e9s\u00e9re.<\/p>\n\n\n\n<p>Magyarorsz\u00e1gi gy\u00e1runk ISO 14001 tan\u00fas\u00edtv\u00e1nnyal is rendelkezik, amely r\u00e9v\u00e9n m\u00e9rni, ellen\u0151rizni \u00e9s cs\u00f6kkenteni tudjuk a gy\u00e1rt\u00e1s k\u00f6rnyezetre gyakorolt hat\u00e1sait \u00e9s k\u00f6rnyezeti kock\u00e1zatait.<\/p>\n\n\n\n<p><\/p>\n\n\n\n<div class=\"wp-block-buttons is-layout-flex wp-block-buttons-is-layout-flex\"><\/div>\n\n\n\t\t<\/div>\n\n\t<\/div>\n\n<\/div>\n\n\n<div class=\"boxsection \">\n\n\t<div class=\"inner\">\n\n\t\t<div class=\"row\">\n\n\t\t\t<div class=\"content col-lg-6 col-md-12 order-2 order-lg-1 right\">\n\n\t\t\t\t\n\t\t\t\t<div class=\"text\">\n\n<p>Gy\u00e1rt\u00e1sunk sor\u00e1n nagy s\u0171r\u0171s\u00e9g\u0171 polietil\u00e9nt, HDPE m\u0171anyagot haszn\u00e1lunk. A HDPE el\u0151nye, hogy adott esetben \u00e9lelmiszerek t\u00e1rol\u00e1s\u00e1ra is haszn\u00e1lhat\u00f3, j\u00f3 a folyad\u00e9k- \u00e9s vegyszer\u00e1ll\u00f3s\u00e1ga, valamint kiv\u00e1ll\u00f3an \u00fajrahasznos\u00edthat\u00f3 is.<\/p>\n\n\n\n<p>A gy\u00e1rt\u00e1s sor\u00e1n keletkez\u0151 m\u0171anyag sorj\u00e1t \u00e9rt\u00e9kes\u00edtj\u00fck, hogy \u00faj term\u00e9kek gy\u00e1rt\u00e1s\u00e1hoz haszn\u00e1lhass\u00e1k fel, illetve folyamatosan azon dolgozunk, hogy cs\u00f6kkents\u00fck a keletkezett hullad\u00e9k mennyis\u00e9g\u00e9t, a lehet\u0151 legt\u00f6bbet hasznos\u00edtva az alapanyagb\u00f3l. Simon Lajos gy\u00e1rigazgat\u00f3 Pusk\u00e1s P\u00e9ter termel\u00e9si \u00e9s min\u0151s\u00e9g\u00fcgyi vezet\u0151vel egy\u00fctt fel\u00fcgyeli a gy\u00e1rban foly\u00f3 munk\u00e1t \u00e9s folyamatosan t\u00f6rekszik a min\u0151s\u00e9g folytonoss\u00e1g\u00e1ra \u00e9s a fenntarthat\u00f3 munkav\u00e9gz\u00e9sre. A gy\u00e1r ISO 9001 min\u0151s\u00e9gir\u00e1ny\u00edt\u00e1si rendszer min\u0151s\u00edt\u00e9ssel is rendelkezik.<\/p>\n\n\n\n<p>Ha \u00e9rdekli a biom\u0171anyag \u00e9s\/vagy a PCR (\u00fajrahasznos\u00edtott m\u0171anyag) felhaszn\u00e1l\u00e1si lehet\u0151s\u00e9gei, k\u00e9rj\u00fck, vegye fel vel\u00fcnk a kapcsolatot.<\/p>\n\n<\/div>\n\n\t\t\t\t\n\t\t\t<\/div>\n\n\t\t\t<div class=\"mediaholder col-lg-6 col-md-12 order-1 order-lg-2 right\">\n\n\t\t\t\t<div class=\"imageholder\">\n\n\t\t\t\t\t<img decoding=\"async\" src=\"https:\/\/www.malmarks.com\/wp-content\/uploads\/never5.jpg\" \/>\n\n\t\t\t\t<\/div>\n\n\t\t\t<\/div>\n\n\t\t<\/div>\n\n\t<\/div>\n\n<\/div>\n\n\n<div class=\"section narrow\">\n\n\t<div class=\"inner\">\n\n\t\t\n\n<div class=\"wp-block-columns is-layout-flex wp-container-core-columns-is-layout-9d6595d7 wp-block-columns-is-layout-flex\">\n<div class=\"wp-block-column is-layout-flow wp-block-column-is-layout-flow\"><div class=\"wp-block-image\">\n<figure class=\"aligncenter size-full\"><img loading=\"lazy\" decoding=\"async\" width=\"94\" height=\"138\" src=\"http:\/\/www.malmarks.com\/wp-content\/uploads\/9001iso-3.png\" alt=\"\" class=\"wp-image-1596\" \/><\/figure>\n<\/div><\/div>\n\n\n\n<div class=\"wp-block-column is-layout-flow wp-block-column-is-layout-flow\"><div class=\"wp-block-image\">\n<figure class=\"aligncenter size-full\"><img loading=\"lazy\" decoding=\"async\" width=\"120\" height=\"139\" src=\"http:\/\/www.malmarks.com\/wp-content\/uploads\/iso14001.png\" alt=\"\" class=\"wp-image-1555\" \/><\/figure>\n<\/div><\/div>\n\n\n\n<div class=\"wp-block-column is-layout-flow wp-block-column-is-layout-flow\"><div class=\"wp-block-image\">\n<figure class=\"aligncenter size-full\"><img loading=\"lazy\" decoding=\"async\" width=\"120\" height=\"140\" src=\"http:\/\/www.malmarks.com\/wp-content\/uploads\/fsc-1.png\" alt=\"\" class=\"wp-image-1603\" \/><\/figure>\n<\/div><\/div>\n<\/div>\n\n\n\t<\/div>\n\n<\/div>\n","protected":false},"excerpt":{"rendered":"","protected":false},"author":1,"featured_media":0,"parent":0,"menu_order":0,"comment_status":"closed","ping_status":"closed","template":"","meta":{"footnotes":""},"class_list":["post-1943","page","type-page","status-publish","hentry"],"featured_image_src":null,"featured_image_src_square":null,"_links":{"self":[{"href":"https:\/\/www.malmarks.com\/hu\/wp-json\/wp\/v2\/pages\/1943","targetHints":{"allow":["GET"]}}],"collection":[{"href":"https:\/\/www.malmarks.com\/hu\/wp-json\/wp\/v2\/pages"}],"about":[{"href":"https:\/\/www.malmarks.com\/hu\/wp-json\/wp\/v2\/types\/page"}],"author":[{"embeddable":true,"href":"https:\/\/www.malmarks.com\/hu\/wp-json\/wp\/v2\/users\/1"}],"replies":[{"embeddable":true,"href":"https:\/\/www.malmarks.com\/hu\/wp-json\/wp\/v2\/comments?post=1943"}],"version-history":[{"count":2,"href":"https:\/\/www.malmarks.com\/hu\/wp-json\/wp\/v2\/pages\/1943\/revisions"}],"predecessor-version":[{"id":2116,"href":"https:\/\/www.malmarks.com\/hu\/wp-json\/wp\/v2\/pages\/1943\/revisions\/2116"}],"wp:attachment":[{"href":"https:\/\/www.malmarks.com\/hu\/wp-json\/wp\/v2\/media?parent=1943"}],"curies":[{"name":"wp","href":"https:\/\/api.w.org\/{rel}","templated":true}]}}