{"id":1945,"date":"2023-04-13T14:03:31","date_gmt":"2023-04-13T12:03:31","guid":{"rendered":"https:\/\/www.malmarks.com\/?page_id=1945"},"modified":"2023-09-01T09:44:16","modified_gmt":"2023-09-01T07:44:16","slug":"rolunk","status":"publish","type":"page","link":"https:\/\/www.malmarks.com\/hu\/rolunk\/","title":{"rendered":"R\u00d3LUNK"},"content":{"rendered":"<div class=\"overlay m145vh\" style= \"background-image: url(https:\/\/www.malmarks.com\/wp-content\/uploads\/fabriken2.jpg)\">\n\n\t<div class=\"plate\">\n\n\t\t<div class=\"inner\">\n\n\t\t\t\n\n<h2 class=\"wp-block-heading\">R\u00d3LUNK<\/h2>\n\n\n\n<p>Csal\u00e1di v\u00e1llalkoz\u00e1s vagyunk, mely folyamatosan b\u0151v\u00fcl. R\u00e9g\u00f3ta piacvezet\u0151k vagyunk a Skandin\u00e1v r\u00e9gi\u00f3ban az \u00fczemanyagkann\u00e1k \u00e9s tartoz\u00e9kok \u00e9rt\u00e9kes\u00edt\u00e9s\u00e9ben, de f\u0151 piacunk els\u0151sorban Eur\u00f3pa. K\u00f6z\u00e9p-Eur\u00f3p\u00e1ban l\u00e9v\u0151 saj\u00e1t flakonf\u00fav\u00f3 \u00fczem\u00fcnkkel k\u00f6nnyen \u00e9s gyorsan el tudjuk l\u00e1tni az eg\u00e9sz kontinenst m\u0171anyag term\u00e9keinkkel.<\/p>\n\n\n\n<p>Ezen t\u00falmen\u0151en van egy rakt\u00e1runk Sv\u00e9dorsz\u00e1gban a skandin\u00e1v \u00fcgyfelek ig\u00e9nyeinek gyors kiel\u00e9g\u00edt\u00e9s\u00e9re.<\/p>\n\n\n\n<p>C\u00e9g\u00fcnk t\u00f6bb mint 30 \u00e9ve foglalkozik nagykereskedelmi tev\u00e9kenys\u00e9ggel, \u00e9s komoly tapasztalattal rendelkezik mind az import, mind az export ter\u00e9n a vil\u00e1g minden t\u00e1j\u00e1n. Kimondottan j\u00f3k vagyunk a legk\u00fcl\u00f6nf\u00e9l\u00e9bb ig\u00e9nyek kiel\u00e9g\u00edt\u00e9s\u00e9ben, a sz\u00e1ll\u00edtm\u00e1nyoz\u00e1sban \u00e9s a rakt\u00e1roz\u00e1sban is. A hongkongi \u00e9s braz\u00edliai kereskedelmi irod\u00e1nk mellett sz\u00e1mos m\u00e1s orsz\u00e1gban is vannak kapcsolataink.<\/p>\n\n\n\n<div class=\"wp-block-buttons is-layout-flex wp-block-buttons-is-layout-flex\">\n<div class=\"wp-block-button\"><a class=\"wp-block-button__link wp-element-button\" href=\"#kontakt\">KAPCSOLAT<\/a><\/div>\n<\/div>\n\n\n\t\t<\/div>\n\n\t<\/div>\n\n<\/div>\n\n\n<div class=\"boxsection \">\n\n\t<div class=\"inner\">\n\n\t\t<div class=\"row\">\n\n\t\t\t<div class=\"content col-lg-6 col-md-12 order-2 order-lg-2 left\">\n\n\t\t\t\t\t\t\t\t\t<h2>Min\u0151s\u00e9g, biztons\u00e1g \u00e9s k\u00f6rnyezet<\/h2>\n\t\t\t\t\n\t\t\t\t<div class=\"text\">\n\n<p>C\u00e9lunk a min\u0151s\u00e9g, a k\u00f6rnyezet \u00e9s a szolg\u00e1ltat\u00e1s. Szoros kapcsolatot \u00e1polunk \u00fcgyfeleinkkel, \u00e9s igyeksz\u00fcnk mindent megtenni annak \u00e9rdek\u00e9ben, hogy a k\u00e9r\u00e9seiket marad\u00e9ktalanul kiel\u00e9g\u00edts\u00fck, \u00e9s az esetleges panaszokat kezelj\u00fck. \u00dcgyfeleink joggal \u00e9lvezhetik a vel\u00fcnk a val\u00f3 egy\u00fcttm\u0171k\u00f6d\u00e9st. \u00cdgy gondolkodunk a <a href=\"\/hallbarhet\/\" data-type=\"page\" data-id=\"1269\">fenntarthat\u00f3s\u00e1gr\u00f3l.<\/a><\/p>\n\n<\/div>\n\n\t\t\t\t\n\t\t\t<\/div>\n\n\t\t\t<div class=\"mediaholder col-lg-6 col-md-12 order-1 order-lg-1 left\">\n\n\t\t\t\t<div class=\"imageholder\">\n\n\t\t\t\t\t<img decoding=\"async\" src=\"https:\/\/www.malmarks.com\/wp-content\/uploads\/om-sec1.jpg\" \/>\n\n\t\t\t\t<\/div>\n\n\t\t\t<\/div>\n\n\t\t<\/div>\n\n\t<\/div>\n\n<\/div>\n","protected":false},"excerpt":{"rendered":"","protected":false},"author":1,"featured_media":0,"parent":0,"menu_order":0,"comment_status":"closed","ping_status":"closed","template":"","meta":{"footnotes":""},"class_list":["post-1945","page","type-page","status-publish","hentry"],"featured_image_src":null,"featured_image_src_square":null,"_links":{"self":[{"href":"https:\/\/www.malmarks.com\/hu\/wp-json\/wp\/v2\/pages\/1945","targetHints":{"allow":["GET"]}}],"collection":[{"href":"https:\/\/www.malmarks.com\/hu\/wp-json\/wp\/v2\/pages"}],"about":[{"href":"https:\/\/www.malmarks.com\/hu\/wp-json\/wp\/v2\/types\/page"}],"author":[{"embeddable":true,"href":"https:\/\/www.malmarks.com\/hu\/wp-json\/wp\/v2\/users\/1"}],"replies":[{"embeddable":true,"href":"https:\/\/www.malmarks.com\/hu\/wp-json\/wp\/v2\/comments?post=1945"}],"version-history":[{"count":1,"href":"https:\/\/www.malmarks.com\/hu\/wp-json\/wp\/v2\/pages\/1945\/revisions"}],"predecessor-version":[{"id":1946,"href":"https:\/\/www.malmarks.com\/hu\/wp-json\/wp\/v2\/pages\/1945\/revisions\/1946"}],"wp:attachment":[{"href":"https:\/\/www.malmarks.com\/hu\/wp-json\/wp\/v2\/media?parent=1945"}],"curies":[{"name":"wp","href":"https:\/\/api.w.org\/{rel}","templated":true}]}}