{"id":1947,"date":"2023-06-13T15:13:14","date_gmt":"2023-06-13T13:13:14","guid":{"rendered":"https:\/\/www.malmarks.com\/?page_id=1947"},"modified":"2025-10-14T15:12:44","modified_gmt":"2025-10-14T13:12:44","slug":"kapcsolat","status":"publish","type":"page","link":"https:\/\/www.malmarks.com\/hu\/kapcsolat\/","title":{"rendered":"Kapcsolat"},"content":{"rendered":"<div class=\"section \">\n\n\t<div class=\"inner\">\n\n\t\t\n\n<h2 class=\"wp-block-heading has-text-align-center sectionheader\">KAPCSOLAT<\/h2>\n\n\n\n<p class=\"has-text-align-center open\">Ha b\u00e1rmilyen k\u00e9rd\u00e9se van a v\u00e1laszt\u00e9kkal vagy az \u00fajdons\u00e1gokkal kapcsolatban, illetve kiv\u00e1ncsi, hogyan v\u00e1s\u00e1rolhat t\u0151l\u00fcnk \u2013 ne habozzon kapcsolatba l\u00e9pni vel\u00fcnk! Ha konkr\u00e9t szem\u00e9lyt keres, <a href=\"#\">kattintson ide<\/a>.<\/p>\n\n\n\t<\/div>\n\n<\/div>\n\n\n\n<div class=\"wp-block-columns inner mb100 is-layout-flex wp-container-core-columns-is-layout-9d6595d7 wp-block-columns-is-layout-flex\">\n<div class=\"wp-block-column is-layout-flow wp-block-column-is-layout-flow\" style=\"flex-basis:33.33%\">\n<h3 class=\"wp-block-heading\"><strong>K\u00d6ZPONT<\/strong><\/h3>\n\n\n\n<p>Cylinderv\u00e4gen 12 &#8211; 131 52 Nacka Strand &#8211; Sv\u00e9dorsz\u00e1g +46 (0) 8 546 900 50<br>info@malmarks.com<\/p>\n\n\n\n<h4 class=\"wp-block-heading\">RAKT\u00c1R<\/h4>\n\n\n\n<p>All\u00e9gatan 34 &#8211; 334 33 Anderstorp &#8211; Sv\u00e9dorsz\u00e1g     +46 (0) 8 546 900 50<br>info@malmarks.com<\/p>\n\n\n\n<h4 class=\"wp-block-heading\">GY\u00c1R<\/h4>\n\n\n\n<p>4511 Ny\u00edrbogd\u00e1ny Ipartelep 0167\/18 &#8211; Magyarorsz\u00e1g + +36 30 369 4755<br>info@malmarks.com<\/p>\n<\/div>\n\n\n\n<div class=\"wp-block-column is-layout-flow wp-block-column-is-layout-flow\" style=\"flex-basis:66.66%\">\t\t<div\n            id=\"wpmapblock_29d46221\"\n            data-settings='{&quot;map_marker&quot;:[{&quot;lat&quot;:&quot;59.3158447&quot;,&quot;lng&quot;:&quot;18.1635437&quot;,&quot;title&quot;:&quot;M\\u00e5lmarks&quot;,&quot;content&quot;:&quot;Cylinderv\\u00e4gen 12n131 52 Nacka StrandnSweden&quot;,&quot;iconType&quot;:&quot;default&quot;,&quot;customIconUrl&quot;:&quot;&quot;,&quot;customIconWidth&quot;:&quot;25&quot;,&quot;customIconHeight&quot;:&quot;40&quot;}],&quot;map_zoom&quot;:&quot;14&quot;,&quot;scroll_wheel_zoom&quot;:false,&quot;map_type&quot;:&quot;GM&quot;,&quot;center_index&quot;:0}'\n            class=\"wpmapblockrender\"\n            style=\"\n\t\t\twidth: 100%;\n\t\t\theight: 400px;\n\t\t\"\n            >\n        <\/div>\n        <\/div>\n<\/div>\n\n\n\n<div class=\"wp-block-genesis-blocks-gb-container aligncenter contactblock gb-block-container\"><div class=\"gb-container-inside\"><div class=\"gb-container-content\">\n<div class=\"wp-block-genesis-blocks-gb-container inner gb-block-container\"><div class=\"gb-container-inside\"><div class=\"gb-container-content\">\n<div class=\"wp-block-columns is-layout-flex wp-container-core-columns-is-layout-9d6595d7 wp-block-columns-is-layout-flex\" id=\"first-contact\">\n<div class=\"wp-block-column is-layout-flow wp-block-column-is-layout-flow\"><div class=\"kontaktperson\">\n\n\t<div class=\"row\">\n\n\t\t<div class=\"col-lg-4 pl0 pr0\">\n\n\t\t\t<div class=\"image\">\n\n\t\t\t\t<img decoding=\"async\" src=\"https:\/\/www.malmarks.com\/wp-content\/uploads\/ANDRE_SPINOLA-1.jpg\" \/>\n\n\t\t\t<\/div>\n\n\t\t<\/div>\n\n\n\t\t<div class=\"col-lg-8 vmiddle\">\n\n\t\t\t<div class=\"content\">\n\n\t\t\t\t<div class=\"name\">Andr\u00e9 Spinola<\/div>\n\n\t\t\t\t<div class=\"titel\">CEO<\/div>\n\n\t\t\t\t\n\t\t\t\t\t<div class=\"phone\">+ 46 (0) 8 546 900 52<\/div>\n\n\t\t\t\t\n\t\t\t\t\n\t\t\t\t\t<div class=\"email\"><a href=\"mailto:andre.spinola@malmarks.com\">andre.spinola@malmarks.com<\/a><\/div>\n\n\t\t\t\t\n\t\t\t<\/div>\n\n\t\t<\/div>\n\n\t<\/div>\n\n<\/div>\n\n<\/div>\n\n\n\n<div class=\"wp-block-column is-layout-flow wp-block-column-is-layout-flow\"><div class=\"kontaktperson\">\n\n\t<div class=\"row\">\n\n\t\t<div class=\"col-lg-4 pl0 pr0\">\n\n\t\t\t<div class=\"image\">\n\n\t\t\t\t<img decoding=\"async\" src=\"https:\/\/www.malmarks.com\/wp-content\/uploads\/JOSEFINE_MALMARK-3.jpg\" \/>\n\n\t\t\t<\/div>\n\n\t\t<\/div>\n\n\n\t\t<div class=\"col-lg-8 vmiddle\">\n\n\t\t\t<div class=\"content\">\n\n\t\t\t\t<div class=\"name\">Josefine M\u00e5lmark <\/div>\n\n\t\t\t\t<div class=\"titel\">CFO<\/div>\n\n\t\t\t\t\n\t\t\t\t\t<div class=\"phone\">+ 46 (0) 8 546 900 53<\/div>\n\n\t\t\t\t\n\t\t\t\t\n\t\t\t\t\t<div class=\"email\"><a href=\"mailto:josefine.malmark@malmarks.com\">josefine.malmark@malmarks.com<\/a><\/div>\n\n\t\t\t\t\n\t\t\t<\/div>\n\n\t\t<\/div>\n\n\t<\/div>\n\n<\/div>\n\n<\/div>\n\n\n\n<div class=\"wp-block-column is-layout-flow wp-block-column-is-layout-flow\"><div class=\"kontaktperson\">\n\n\t<div class=\"row\">\n\n\t\t<div class=\"col-lg-4 pl0 pr0\">\n\n\t\t\t<div class=\"image\">\n\n\t\t\t\t<img decoding=\"async\" src=\"https:\/\/www.malmarks.com\/wp-content\/uploads\/PERNILLA_LILJEROS-11.jpg\" \/>\n\n\t\t\t<\/div>\n\n\t\t<\/div>\n\n\n\t\t<div class=\"col-lg-8 vmiddle\">\n\n\t\t\t<div class=\"content\">\n\n\t\t\t\t<div class=\"name\">Pernilla Liljeros<\/div>\n\n\t\t\t\t<div class=\"titel\">Accounting Clerk<\/div>\n\n\t\t\t\t\n\t\t\t\t\t<div class=\"phone\">+ 46 (0) 8 546 900 50<\/div>\n\n\t\t\t\t\n\t\t\t\t\n\t\t\t\t\t<div class=\"email\"><a href=\"mailto:pernilla.liljeros@malmarks.com\">pernilla.liljeros@malmarks.com<\/a><\/div>\n\n\t\t\t\t\n\t\t\t<\/div>\n\n\t\t<\/div>\n\n\t<\/div>\n\n<\/div>\n\n<\/div>\n<\/div>\n\n\n\n<div class=\"wp-block-columns is-layout-flex wp-container-core-columns-is-layout-9d6595d7 wp-block-columns-is-layout-flex\">\n<div class=\"wp-block-column is-layout-flow wp-block-column-is-layout-flow\"><div class=\"kontaktperson\">\n\n\t<div class=\"row\">\n\n\t\t<div class=\"col-lg-4 pl0 pr0\">\n\n\t\t\t<div class=\"image\">\n\n\t\t\t\t<img decoding=\"async\" src=\"https:\/\/www.malmarks.com\/wp-content\/uploads\/ALICE_VIGERBACK-4.jpg\" \/>\n\n\t\t\t<\/div>\n\n\t\t<\/div>\n\n\n\t\t<div class=\"col-lg-8 vmiddle\">\n\n\t\t\t<div class=\"content\">\n\n\t\t\t\t<div class=\"name\">Alice Vigerb\u00e4ck<\/div>\n\n\t\t\t\t<div class=\"titel\">Sales &amp; Marketing<\/div>\n\n\t\t\t\t\n\t\t\t\t\t<div class=\"phone\">+ 46 (0) 8 546 900 54<\/div>\n\n\t\t\t\t\n\t\t\t\t\n\t\t\t\t\t<div class=\"email\"><a href=\"mailto:alice.vigerback@malmarks.com\">alice.vigerback@malmarks.com<\/a><\/div>\n\n\t\t\t\t\n\t\t\t<\/div>\n\n\t\t<\/div>\n\n\t<\/div>\n\n<\/div>\n\n\n\n<div class=\"kontaktperson\">\n\n\t<div class=\"row\">\n\n\t\t<div class=\"col-lg-4 pl0 pr0\">\n\n\t\t\t<div class=\"image\">\n\n\t\t\t\t<img decoding=\"async\" src=\"https:\/\/www.malmarks.com\/wp-content\/uploads\/GABOR_KALYA-11.jpg\" \/>\n\n\t\t\t<\/div>\n\n\t\t<\/div>\n\n\n\t\t<div class=\"col-lg-8 vmiddle\">\n\n\t\t\t<div class=\"content\">\n\n\t\t\t\t<div class=\"name\">G\u00e1bor K\u00e1lya<\/div>\n\n\t\t\t\t<div class=\"titel\">Operation Manager <\/div>\n\n\t\t\t\t\n\t\t\t\t\t<div class=\"phone\">+ 36 30 369 4755<\/div>\n\n\t\t\t\t\n\t\t\t\t\n\t\t\t\t\t<div class=\"email\"><a href=\"mailto:gabor.kalya@malmarks.com\">gabor.kalya@malmarks.com<\/a><\/div>\n\n\t\t\t\t\n\t\t\t<\/div>\n\n\t\t<\/div>\n\n\t<\/div>\n\n<\/div>\n\n\n\n<div class=\"kontaktperson\">\n\n\t<div class=\"row\">\n\n\t\t<div class=\"col-lg-4 pl0 pr0\">\n\n\t\t\t<div class=\"image\">\n\n\t\t\t\t<img decoding=\"async\" src=\"https:\/\/www.malmarks.com\/wp-content\/uploads\/CSABA_LINZENBOLD-11.jpg\" \/>\n\n\t\t\t<\/div>\n\n\t\t<\/div>\n\n\n\t\t<div class=\"col-lg-8 vmiddle\">\n\n\t\t\t<div class=\"content\">\n\n\t\t\t\t<div class=\"name\">Csaba Linzenbold<\/div>\n\n\t\t\t\t<div class=\"titel\">Technical Manager<\/div>\n\n\t\t\t\t\n\t\t\t\t\t<div class=\"phone\">+ 36 30 369 4755<\/div>\n\n\t\t\t\t\n\t\t\t\t\n\t\t\t\t\t<div class=\"email\"><a href=\"mailto:csaba.linzenbold@malmarks.com\">csaba.linzenbold@malmarks.com<\/a><\/div>\n\n\t\t\t\t\n\t\t\t<\/div>\n\n\t\t<\/div>\n\n\t<\/div>\n\n<\/div>\n\n\n\n\n<div class=\"wp-block-group is-nowrap is-layout-flex wp-container-core-group-is-layout-ad2f72ca wp-block-group-is-layout-flex\"><div class=\"kontaktperson\">\n\n\t<div class=\"row\">\n\n\t\t<div class=\"col-lg-4 pl0 pr0\">\n\n\t\t\t<div class=\"image\">\n\n\t\t\t\t<img decoding=\"async\" src=\"https:\/\/www.malmarks.com\/wp-content\/uploads\/ZSUZSANNA_SOLTESZ-2.jpg\" \/>\n\n\t\t\t<\/div>\n\n\t\t<\/div>\n\n\n\t\t<div class=\"col-lg-8 vmiddle\">\n\n\t\t\t<div class=\"content\">\n\n\t\t\t\t<div class=\"name\">Zsuzsanna Solt\u00e9sz<\/div>\n\n\t\t\t\t<div class=\"titel\">Production Supervisor<\/div>\n\n\t\t\t\t\n\t\t\t\t\t<div class=\"phone\">+ 36 30 369 4755<\/div>\n\n\t\t\t\t\n\t\t\t\t\n\t\t\t\t\t<div class=\"email\"><a href=\"mailto:zsuzsanna.soltesz@malmarks.com\">zsuzsanna.soltesz@malmarks.com<\/a><\/div>\n\n\t\t\t\t\n\t\t\t<\/div>\n\n\t\t<\/div>\n\n\t<\/div>\n\n<\/div>\n\n<\/div>\n\n\n<div class=\"kontaktperson\">\n\n\t<div class=\"row\">\n\n\t\t<div class=\"col-lg-4 pl0 pr0\">\n\n\t\t\t<div class=\"image\">\n\n\t\t\t\t<img decoding=\"async\" src=\"https:\/\/www.malmarks.com\/wp-content\/uploads\/GABOR_LORINCZI-8.jpg\" \/>\n\n\t\t\t<\/div>\n\n\t\t<\/div>\n\n\n\t\t<div class=\"col-lg-8 vmiddle\">\n\n\t\t\t<div class=\"content\">\n\n\t\t\t\t<div class=\"name\">Gabor L\u00f6rinczi<\/div>\n\n\t\t\t\t<div class=\"titel\">IT<\/div>\n\n\t\t\t\t\n\t\t\t\t\n\t\t\t\t\t<div class=\"email\"><a href=\"mailto:gabor.lorinczi@malmarks.com\">gabor.lorinczi@malmarks.com<\/a><\/div>\n\n\t\t\t\t\n\t\t\t<\/div>\n\n\t\t<\/div>\n\n\t<\/div>\n\n<\/div>\n\n<\/div>\n\n\n\n<div class=\"wp-block-column is-layout-flow wp-block-column-is-layout-flow\"><div class=\"kontaktperson\">\n\n\t<div class=\"row\">\n\n\t\t<div class=\"col-lg-4 pl0 pr0\">\n\n\t\t\t<div class=\"image\">\n\n\t\t\t\t<img decoding=\"async\" src=\"https:\/\/www.malmarks.com\/wp-content\/uploads\/DAVID_SKARWE-8.jpg\" \/>\n\n\t\t\t<\/div>\n\n\t\t<\/div>\n\n\n\t\t<div class=\"col-lg-8 vmiddle\">\n\n\t\t\t<div class=\"content\">\n\n\t\t\t\t<div class=\"name\">David Sk\u00e4rve<\/div>\n\n\t\t\t\t<div class=\"titel\">Warehouse Manager<\/div>\n\n\t\t\t\t\n\t\t\t\t\t<div class=\"phone\">+46 (0) 76 338 3561<\/div>\n\n\t\t\t\t\n\t\t\t\t\n\t\t\t\t\t<div class=\"email\"><a href=\"mailto:whouse.swe@malmarks.com\">whouse.swe@malmarks.com<\/a><\/div>\n\n\t\t\t\t\n\t\t\t<\/div>\n\n\t\t<\/div>\n\n\t<\/div>\n\n<\/div>\n\n\n\n<div class=\"kontaktperson\">\n\n\t<div class=\"row\">\n\n\t\t<div class=\"col-lg-4 pl0 pr0\">\n\n\t\t\t<div class=\"image\">\n\n\t\t\t\t<img decoding=\"async\" src=\"https:\/\/www.malmarks.com\/wp-content\/uploads\/AGNES_PUSKAS-9.jpg\" \/>\n\n\t\t\t<\/div>\n\n\t\t<\/div>\n\n\n\t\t<div class=\"col-lg-8 vmiddle\">\n\n\t\t\t<div class=\"content\">\n\n\t\t\t\t<div class=\"name\">\u00c1gnes Pusk\u00e1s-Sz\u00fccs<\/div>\n\n\t\t\t\t<div class=\"titel\">Finance Manager<\/div>\n\n\t\t\t\t\n\t\t\t\t\t<div class=\"phone\">+ 36 30 369 4755<\/div>\n\n\t\t\t\t\n\t\t\t\t\n\t\t\t\t\t<div class=\"email\"><a href=\"mailto:agnes.szucs@malmarks.com\">agnes.szucs@malmarks.com<\/a><\/div>\n\n\t\t\t\t\n\t\t\t<\/div>\n\n\t\t<\/div>\n\n\t<\/div>\n\n<\/div>\n\n\n\n<div class=\"kontaktperson\">\n\n\t<div class=\"row\">\n\n\t\t<div class=\"col-lg-4 pl0 pr0\">\n\n\t\t\t<div class=\"image\">\n\n\t\t\t\t<img decoding=\"async\" src=\"https:\/\/www.malmarks.com\/wp-content\/uploads\/NORA_DROTAR-9.jpg\" \/>\n\n\t\t\t<\/div>\n\n\t\t<\/div>\n\n\n\t\t<div class=\"col-lg-8 vmiddle\">\n\n\t\t\t<div class=\"content\">\n\n\t\t\t\t<div class=\"name\">N\u00f3ra Anita Drot\u00e1r<\/div>\n\n\t\t\t\t<div class=\"titel\">Quality Engineer<\/div>\n\n\t\t\t\t\n\t\t\t\t\t<div class=\"phone\">+ 36 30 369 4755<\/div>\n\n\t\t\t\t\n\t\t\t\t\n\t\t\t\t\t<div class=\"email\"><a href=\"mailto:nora.drotar@malmarks.com\">nora.drotar@malmarks.com<\/a><\/div>\n\n\t\t\t\t\n\t\t\t<\/div>\n\n\t\t<\/div>\n\n\t<\/div>\n\n<\/div>\n\n\n\n<div class=\"kontaktperson\">\n\n\t<div class=\"row\">\n\n\t\t<div class=\"col-lg-4 pl0 pr0\">\n\n\t\t\t<div class=\"image\">\n\n\t\t\t\t<img decoding=\"async\" src=\"https:\/\/www.malmarks.com\/wp-content\/uploads\/MARIANN_POTI-2.jpg\" \/>\n\n\t\t\t<\/div>\n\n\t\t<\/div>\n\n\n\t\t<div class=\"col-lg-8 vmiddle\">\n\n\t\t\t<div class=\"content\">\n\n\t\t\t\t<div class=\"name\">Mariann P\u00f3ti<\/div>\n\n\t\t\t\t<div class=\"titel\">Purchase &amp; Production Planning<\/div>\n\n\t\t\t\t\n\t\t\t\t\t<div class=\"phone\">+ 36 30 369 4755<\/div>\n\n\t\t\t\t\n\t\t\t\t\n\t\t\t\t\t<div class=\"email\"><a href=\"mailto:mariann.poti@malmarks.com\">mariann.poti@malmarks.com<\/a><\/div>\n\n\t\t\t\t\n\t\t\t<\/div>\n\n\t\t<\/div>\n\n\t<\/div>\n\n<\/div>\n\n\n\n\n<p><\/p>\n<\/div>\n\n\n\n<div class=\"wp-block-column is-layout-flow wp-block-column-is-layout-flow\"><div class=\"kontaktperson\">\n\n\t<div class=\"row\">\n\n\t\t<div class=\"col-lg-4 pl0 pr0\">\n\n\t\t\t<div class=\"image\">\n\n\t\t\t\t<img decoding=\"async\" src=\"https:\/\/www.malmarks.com\/wp-content\/uploads\/LAJOS_SIMON-9.jpg\" \/>\n\n\t\t\t<\/div>\n\n\t\t<\/div>\n\n\n\t\t<div class=\"col-lg-8 vmiddle\">\n\n\t\t\t<div class=\"content\">\n\n\t\t\t\t<div class=\"name\">Lajos Simon<\/div>\n\n\t\t\t\t<div class=\"titel\">Plant Manager<\/div>\n\n\t\t\t\t\n\t\t\t\t\t<div class=\"phone\">+ 36 30 369 4755<\/div>\n\n\t\t\t\t\n\t\t\t\t\n\t\t\t\t\t<div class=\"email\"><a href=\"mailto:lajos.simon@malmarks.com\">lajos.simon@malmarks.com<\/a><\/div>\n\n\t\t\t\t\n\t\t\t<\/div>\n\n\t\t<\/div>\n\n\t<\/div>\n\n<\/div>\n\n\n\n<div class=\"kontaktperson\">\n\n\t<div class=\"row\">\n\n\t\t<div class=\"col-lg-4 pl0 pr0\">\n\n\t\t\t<div class=\"image\">\n\n\t\t\t\t<img decoding=\"async\" src=\"https:\/\/www.malmarks.com\/wp-content\/uploads\/person-9.jpg\" \/>\n\n\t\t\t<\/div>\n\n\t\t<\/div>\n\n\n\t\t<div class=\"col-lg-8 vmiddle\">\n\n\t\t\t<div class=\"content\">\n\n\t\t\t\t<div class=\"name\">Gerg\u00f6 Borbely<\/div>\n\n\t\t\t\t<div class=\"titel\">Senior Process Engineer<\/div>\n\n\t\t\t\t\n\t\t\t\t\t<div class=\"phone\">+ 36 30 369 4755<\/div>\n\n\t\t\t\t\n\t\t\t\t\n\t\t\t\t\t<div class=\"email\"><a href=\"mailto:gergo.borbely@malmarks.com\">gergo.borbely@malmarks.com<\/a><\/div>\n\n\t\t\t\t\n\t\t\t<\/div>\n\n\t\t<\/div>\n\n\t<\/div>\n\n<\/div>\n\n\n\n<div class=\"kontaktperson\">\n\n\t<div class=\"row\">\n\n\t\t<div class=\"col-lg-4 pl0 pr0\">\n\n\t\t\t<div class=\"image\">\n\n\t\t\t\t<img decoding=\"async\" src=\"https:\/\/www.malmarks.com\/wp-content\/uploads\/JOZSEF_VATTAI-9.jpg\" \/>\n\n\t\t\t<\/div>\n\n\t\t<\/div>\n\n\n\t\t<div class=\"col-lg-8 vmiddle\">\n\n\t\t\t<div class=\"content\">\n\n\t\t\t\t<div class=\"name\">Jozsef Vattai<\/div>\n\n\t\t\t\t<div class=\"titel\">Junior Process Engineer<\/div>\n\n\t\t\t\t\n\t\t\t\t\t<div class=\"phone\">+ 36 30 369 4755<\/div>\n\n\t\t\t\t\n\t\t\t\t\n\t\t\t\t\t<div class=\"email\"><a href=\"mailto:jozsef.vattai@malmarks.com\">jozsef.vattai@malmarks.com<\/a><\/div>\n\n\t\t\t\t\n\t\t\t<\/div>\n\n\t\t<\/div>\n\n\t<\/div>\n\n<\/div>\n\n\n\n<div class=\"kontaktperson\">\n\n\t<div class=\"row\">\n\n\t\t<div class=\"col-lg-4 pl0 pr0\">\n\n\t\t\t<div class=\"image\">\n\n\t\t\t\t<img decoding=\"async\" src=\"https:\/\/www.malmarks.com\/wp-content\/uploads\/ANITA_GONCZI-2.jpg\" \/>\n\n\t\t\t<\/div>\n\n\t\t<\/div>\n\n\n\t\t<div class=\"col-lg-8 vmiddle\">\n\n\t\t\t<div class=\"content\">\n\n\t\t\t\t<div class=\"name\">Anita G\u00f6nczi <\/div>\n\n\t\t\t\t<div class=\"titel\">Economy Assistant<\/div>\n\n\t\t\t\t\n\t\t\t\t\t<div class=\"phone\">+ 36 30 369 4755<\/div>\n\n\t\t\t\t\n\t\t\t\t\n\t\t\t\t\t<div class=\"email\"><a href=\"mailto:anita.gonczi@malmarks.com\">anita.gonczi@malmarks.com<\/a><\/div>\n\n\t\t\t\t\n\t\t\t<\/div>\n\n\t\t<\/div>\n\n\t<\/div>\n\n<\/div>\n\n<\/div>\n<\/div>\n<\/div><\/div><\/div>\n<\/div><\/div><\/div>\n\n\n\n<div style=\"height:100px\" aria-hidden=\"true\" class=\"wp-block-spacer clear\"><\/div>\n\n\n\n<div style=\"padding-bottom:6%;padding-top:6%\" class=\"wp-block-genesis-blocks-gb-container clear gb-block-container\"><div class=\"gb-container-inside\"><div class=\"gb-container-image-wrap\"><img decoding=\"async\" class=\"gb-container-image has-background-dim\" object-fit=\"cover\"  src=\"http:\/\/www.malmarks.com\/wp-content\/uploads\/nacka-1.png\" alt=\"\"\/><\/div><div class=\"gb-container-content\">\n<div class=\"wp-block-columns is-layout-flex wp-container-core-columns-is-layout-9d6595d7 wp-block-columns-is-layout-flex\">\n<div class=\"wp-block-column is-layout-flow wp-block-column-is-layout-flow\"><\/div>\n\n\n\n<div class=\"wp-block-column contactform is-layout-flow wp-block-column-is-layout-flow\">\n<h6 class=\"wp-block-heading\"><mark style=\"background-color:#ffffff\" class=\"has-inline-color has-black-color\">L\u00e9pjen vel\u00fcnk kapcsolatba, ha t\u00f6bbet szeretne tudni!<\/mark><\/h6>\n\n\n\n<div class=\"wpcf7 no-js\" id=\"wpcf7-f1970-o1\" lang=\"hu-HU\" dir=\"ltr\" data-wpcf7-id=\"1970\">\n<div class=\"screen-reader-response\"><p role=\"status\" aria-live=\"polite\" aria-atomic=\"true\"><\/p> <ul><\/ul><\/div>\n<form action=\"\/hu\/wp-json\/wp\/v2\/pages\/1947#wpcf7-f1970-o1\" method=\"post\" class=\"wpcf7-form init\" aria-label=\"Kapcsolatfelv\u00e9teli \u0171rlap\" novalidate=\"novalidate\" data-status=\"init\">\n<fieldset class=\"hidden-fields-container\"><input type=\"hidden\" name=\"_wpcf7\" value=\"1970\" \/><input type=\"hidden\" name=\"_wpcf7_version\" value=\"6.1.4\" \/><input type=\"hidden\" name=\"_wpcf7_locale\" value=\"hu_HU\" \/><input type=\"hidden\" name=\"_wpcf7_unit_tag\" value=\"wpcf7-f1970-o1\" \/><input type=\"hidden\" name=\"_wpcf7_container_post\" value=\"0\" \/><input type=\"hidden\" name=\"_wpcf7_posted_data_hash\" value=\"\" \/>\n<\/fieldset>\n<div class=\"row\">\n\t<div class=\"col-lg-6\">\n\t\t<p><span class=\"wpcf7-form-control-wrap\" data-name=\"first-name\"><input size=\"40\" maxlength=\"400\" class=\"wpcf7-form-control wpcf7-text wpcf7-validates-as-required\" aria-required=\"true\" aria-invalid=\"false\" placeholder=\"Keresztn\u00e9v*\" value=\"\" type=\"text\" name=\"first-name\" \/><\/span>\n\t\t<\/p>\n\t<\/div>\n\t<div class=\"col-lg-6\">\n\t\t<p><span class=\"wpcf7-form-control-wrap\" data-name=\"last-name\"><input size=\"40\" maxlength=\"400\" class=\"wpcf7-form-control wpcf7-text wpcf7-validates-as-required\" aria-required=\"true\" aria-invalid=\"false\" placeholder=\"Vezet\u00e9kn\u00e9v*\" value=\"\" type=\"text\" name=\"last-name\" \/><\/span>\n\t\t<\/p>\n\t<\/div>\n\t<div class=\"col-lg-6\">\n\t\t<p><span class=\"wpcf7-form-control-wrap\" data-name=\"phone\"><input size=\"40\" maxlength=\"400\" class=\"wpcf7-form-control wpcf7-text\" aria-invalid=\"false\" placeholder=\"Telefonsz\u00e1m\" value=\"\" type=\"text\" name=\"phone\" \/><\/span>\n\t\t<\/p>\n\t<\/div>\n\t<div class=\"col-lg-6\">\n\t\t<p><span class=\"wpcf7-form-control-wrap\" data-name=\"email\"><input size=\"40\" maxlength=\"400\" class=\"wpcf7-form-control wpcf7-email wpcf7-validates-as-required wpcf7-text wpcf7-validates-as-email\" aria-required=\"true\" aria-invalid=\"false\" placeholder=\"email c\u00edm*\" value=\"\" type=\"email\" name=\"email\" \/><\/span>\n\t\t<\/p>\n\t<\/div>\n\t<div class=\"col-lg-6\">\n\t\t<p><span class=\"wpcf7-form-control-wrap\" data-name=\"message\"><textarea cols=\"40\" rows=\"10\" maxlength=\"2000\" class=\"wpcf7-form-control wpcf7-textarea\" aria-invalid=\"false\" placeholder=\"\u00dczenet\" name=\"message\"><\/textarea><\/span>\n\t\t<\/p>\n\t<\/div>\n\t<div class=\"col-lg-6\">\n\t\t<p><input class=\"wpcf7-form-control wpcf7-submit has-spinner\" type=\"submit\" value=\"K\u00fcld\u00e9s\" \/>\n\t\t<\/p>\n\t<\/div>\n<\/div><div class=\"wpcf7-response-output\" aria-hidden=\"true\"><\/div>\n<\/form>\n<\/div>\n\n<\/div>\n<\/div>\n<\/div><\/div><\/div>\n","protected":false},"excerpt":{"rendered":"<p>K\u00d6ZPONT Cylinderv\u00e4gen 12 &#8211; 131 52 Nacka Strand &#8211; Sv\u00e9dorsz\u00e1g +46 (0) 8 546 900 50info@malmarks.com RAKT\u00c1R All\u00e9gatan 34 &#8211; 334 33 Anderstorp &#8211; Sv\u00e9dorsz\u00e1g +46 (0) 8 546 900 50info@malmarks.com GY\u00c1R 4511 Ny\u00edrbogd\u00e1ny Ipartelep 0167\/18 &#8211; Magyarorsz\u00e1g + +36 30 369 4755info@malmarks.com<\/p>\n","protected":false},"author":1,"featured_media":1621,"parent":0,"menu_order":0,"comment_status":"closed","ping_status":"closed","template":"","meta":{"footnotes":""},"class_list":["post-1947","page","type-page","status-publish","has-post-thumbnail","hentry"],"featured_image_src":"https:\/\/www.malmarks.com\/wp-content\/uploads\/shutterstocktelefon-1-600x400.png","featured_image_src_square":"https:\/\/www.malmarks.com\/wp-content\/uploads\/shutterstocktelefon-1-600x425.png","_links":{"self":[{"href":"https:\/\/www.malmarks.com\/hu\/wp-json\/wp\/v2\/pages\/1947","targetHints":{"allow":["GET"]}}],"collection":[{"href":"https:\/\/www.malmarks.com\/hu\/wp-json\/wp\/v2\/pages"}],"about":[{"href":"https:\/\/www.malmarks.com\/hu\/wp-json\/wp\/v2\/types\/page"}],"author":[{"embeddable":true,"href":"https:\/\/www.malmarks.com\/hu\/wp-json\/wp\/v2\/users\/1"}],"replies":[{"embeddable":true,"href":"https:\/\/www.malmarks.com\/hu\/wp-json\/wp\/v2\/comments?post=1947"}],"version-history":[{"count":53,"href":"https:\/\/www.malmarks.com\/hu\/wp-json\/wp\/v2\/pages\/1947\/revisions"}],"predecessor-version":[{"id":3341,"href":"https:\/\/www.malmarks.com\/hu\/wp-json\/wp\/v2\/pages\/1947\/revisions\/3341"}],"wp:featuredmedia":[{"embeddable":true,"href":"https:\/\/www.malmarks.com\/hu\/wp-json\/wp\/v2\/media\/1621"}],"wp:attachment":[{"href":"https:\/\/www.malmarks.com\/hu\/wp-json\/wp\/v2\/media?parent=1947"}],"curies":[{"name":"wp","href":"https:\/\/api.w.org\/{rel}","templated":true}]}}