{"id":1951,"date":"2023-04-13T14:40:58","date_gmt":"2023-04-13T12:40:58","guid":{"rendered":"https:\/\/www.malmarks.com\/?page_id=1951"},"modified":"2023-09-01T09:44:30","modified_gmt":"2023-09-01T07:44:30","slug":"karrier","status":"publish","type":"page","link":"https:\/\/www.malmarks.com\/hu\/karrier\/","title":{"rendered":"KARRIER"},"content":{"rendered":"<div class=\"section pt50 pb0\">\n\n\t<div class=\"inner\">\n\n\t\t\n\n<h2 class=\"wp-block-heading has-text-align-center sectionheader\">KARRIER<\/h2>\n\n\n\n<p class=\"has-text-align-center\">A M\u00e5lmarks egy dinamikusan n\u00f6vekv\u0151 sv\u00e9d csal\u00e1di v\u00e1llalkoz\u00e1s, nemzetk\u00f6zi kapcsolatokkal. Folyamatosan keress\u00fck \u00faj munkat\u00e1rsainkat, akik szeretn\u00e9nek fejl\u0151dni \u00e9s vel\u00fcnk egy\u00fctt dolgozni a j\u00f6v\u0151 m\u0171anyagipar\u00e1nak form\u00e1l\u00e1s\u00e1ban.<\/p>\n\n\n\t<\/div>\n\n<\/div>\n\n\n<div class=\"section iconblock\">\n\n\t<div class=\"inner\">\n\n\t\t\n\n<h3 class=\"wp-block-heading\">KERESS\u00dcK AZOKAT, AKIK&#8230;<\/h3>\n\n\n\n<div class=\"wp-block-columns is-layout-flex wp-container-core-columns-is-layout-9d6595d7 wp-block-columns-is-layout-flex\">\n<div class=\"wp-block-column is-layout-flow wp-block-column-is-layout-flow\">\n<figure class=\"wp-block-image size-full\"><img loading=\"lazy\" decoding=\"async\" width=\"606\" height=\"606\" src=\"http:\/\/www.malmarks.com\/wp-content\/uploads\/icon-flash.png\" alt=\"\" class=\"wp-image-110\" srcset=\"https:\/\/www.malmarks.com\/wp-content\/uploads\/icon-flash.png 606w, https:\/\/www.malmarks.com\/wp-content\/uploads\/icon-flash-300x300.png 300w, https:\/\/www.malmarks.com\/wp-content\/uploads\/icon-flash-150x150.png 150w, https:\/\/www.malmarks.com\/wp-content\/uploads\/icon-flash-600x600.png 600w\" sizes=\"auto, (max-width: 606px) 100vw, 606px\" \/><\/figure>\n\n\n\n<h4 class=\"wp-block-heading\">\u2026MOTIV\u00c1LTAK<\/h4>\n\n\n\n<p>Az \u00d6n motiv\u00e1ci\u00f3ja a legnagyobb kincs\u00fcnk. A M\u00e5lmarks sikere azon m\u00falik, hogy minden alkalmazott l\u00e1tja \u00e9s \u00e9rzi felel\u0151ss\u00e9g\u00e9t a saj\u00e1t- \u00e9s a c\u00e9g fejl\u0151d\u00e9s\u00e9ben.<\/p>\n<\/div>\n\n\n\n<div class=\"wp-block-column is-layout-flow wp-block-column-is-layout-flow\">\n<figure class=\"wp-block-image size-full\"><img loading=\"lazy\" decoding=\"async\" width=\"200\" height=\"150\" src=\"http:\/\/www.malmarks.com\/wp-content\/uploads\/icon-team.png\" alt=\"\" class=\"wp-image-44\" \/><\/figure>\n\n\n\n<h4 class=\"wp-block-heading\">\u2026 A CSAPATOT HELYEZIK EL\u0150T\u00c9RBE<\/h4>\n\n\n\n<p>A M\u00e5lmarks egy csal\u00e1di v\u00e1llalkoz\u00e1s, amely csal\u00e1dk\u00e9nt viselkedik. T\u00e1mogatjuk egym\u00e1st a neh\u00e9z helyzetekben, egy\u00fctt \u00fcnnepelj\u00fck a sikereket, \u00e9s mindig ott vagyunk egym\u00e1snak.<\/p>\n<\/div>\n\n\n\n<div class=\"wp-block-column is-layout-flow wp-block-column-is-layout-flow\">\n<figure class=\"wp-block-image size-full\"><img loading=\"lazy\" decoding=\"async\" width=\"200\" height=\"200\" src=\"http:\/\/www.malmarks.com\/wp-content\/uploads\/icon-books.png\" alt=\"\" class=\"wp-image-111\" srcset=\"https:\/\/www.malmarks.com\/wp-content\/uploads\/icon-books.png 200w, https:\/\/www.malmarks.com\/wp-content\/uploads\/icon-books-150x150.png 150w\" sizes=\"auto, (max-width: 200px) 100vw, 200px\" \/><\/figure>\n\n\n\n<h4 class=\"wp-block-heading\">\u2026SOHA NEM SZ\u0170NNEK MEG TANULNI<\/h4>\n\n\n\n<p>&#8230;ak\u00e1r 30 \u00e9v, ak\u00e1r 3 h\u00f3nap tapasztalattal rendelkezik, legyen mindig nyitott a m\u00e1sokt\u00f3l val\u00f3 tanuls\u00e1ra vagy az \u00f6nfejleszt\u00e9sre.<\/p>\n<\/div>\n<\/div>\n\n\n\t<\/div>\n\n<\/div>\n\n\n<div class=\"section iconblock\">\n\n\t<div class=\"inner\">\n\n\t\t\n\n<h3 class=\"wp-block-heading\">A M\u00c5LMARKS&#8230;<\/h3>\n\n\n\n<div class=\"wp-block-columns is-layout-flex wp-container-core-columns-is-layout-9d6595d7 wp-block-columns-is-layout-flex\">\n<div class=\"wp-block-column is-layout-flow wp-block-column-is-layout-flow\">\n<figure class=\"wp-block-image size-full\"><img loading=\"lazy\" decoding=\"async\" width=\"200\" height=\"200\" src=\"http:\/\/www.malmarks.com\/wp-content\/uploads\/icon-global.png\" alt=\"\" class=\"wp-image-25\" srcset=\"https:\/\/www.malmarks.com\/wp-content\/uploads\/icon-global.png 200w, https:\/\/www.malmarks.com\/wp-content\/uploads\/icon-global-150x150.png 150w\" sizes=\"auto, (max-width: 200px) 100vw, 200px\" \/><\/figure>\n\n\n\n<h4 class=\"wp-block-heading\">EGY NEMZETK\u00d6ZI MUNKAHELY<\/h4>\n\n\n\n<p>&#8230;szem\u00e9lyes elk\u00f6telezetts\u00e9ggel. Sv\u00e9dorsz\u00e1gi k\u00f6zpontunkkal \u00e9s rakt\u00e1runkkal, magyarorsz\u00e1gi gy\u00e1runkkal, eg\u00e9sz Eur\u00f3p\u00e1ba t\u00f6rt\u00e9n\u0151 sz\u00e1ll\u00edt\u00e1ssal, t\u00f6bb mint 25 \u00e9ves t\u00e1vol-keleti kereskedelmi tapasztalattal \u00e9s braz\u00edliai \u00e9rt\u00e9kes\u00edt\u00e9si irod\u00e1nkkal a vil\u00e1g minden t\u00e1j\u00e1n vannak koll\u00e9g\u00e1ink.<\/p>\n<\/div>\n\n\n\n<div class=\"wp-block-column is-layout-flow wp-block-column-is-layout-flow\">\n<figure class=\"wp-block-image size-full\"><img loading=\"lazy\" decoding=\"async\" width=\"200\" height=\"116\" src=\"http:\/\/www.malmarks.com\/wp-content\/uploads\/icon-flat-organisation.png\" alt=\"\" class=\"wp-image-112\" \/><\/figure>\n\n\n\n<h4 class=\"wp-block-heading\">EGY LAPOS SZERVEZET<\/h4>\n\n\n\n<p>&#8230;amely \u00e9rt\u00e9keli a munkav\u00e1llal\u00f3k fejl\u0151d\u00e9si k\u00e9pess\u00e9geit. Egy\u00fcttm\u0171k\u00f6d\u00e9s\u00fcnk sor\u00e1n a teljes\u00edtm\u00e9nyt is \u00e9rt\u00e9kelj\u00fck, nem csak az \u00e9rdemeit.<\/p>\n<\/div>\n\n\n\n<div class=\"wp-block-column is-layout-flow wp-block-column-is-layout-flow\">\n<figure class=\"wp-block-image size-full\"><img loading=\"lazy\" decoding=\"async\" width=\"200\" height=\"200\" src=\"http:\/\/www.malmarks.com\/wp-content\/uploads\/icon-environment.png\" alt=\"\" class=\"wp-image-30\" srcset=\"https:\/\/www.malmarks.com\/wp-content\/uploads\/icon-environment.png 200w, https:\/\/www.malmarks.com\/wp-content\/uploads\/icon-environment-150x150.png 150w\" sizes=\"auto, (max-width: 200px) 100vw, 200px\" \/><\/figure>\n\n\n\n<h4 class=\"wp-block-heading\">EGY N\u00d6VEKED\u0150 SZERVEZET<\/h4>\n\n\n\n<p>\u2026ahol \u00faj vezet\u0151i pozici\u00f3k v\u00e1lhatnak el\u00e9rhet\u0151v\u00e9. El\u0151szeretettel toborozunk vezet\u0151ket a v\u00e1llalaton bel\u00fclr\u0151l, hogy vezet\u0151ink tiszt\u00e1ban legyenek azzal, mit jelent a M\u00e5lmarksn\u00e1l dolgozni.<\/p>\n<\/div>\n<\/div>\n\n\n\t<\/div>\n\n<\/div>\n\n\n\n<div style=\"padding-bottom:6%;padding-top:6%\" class=\"wp-block-genesis-blocks-gb-container gb-block-container\"><div class=\"gb-container-inside\"><div class=\"gb-container-image-wrap\"><img decoding=\"async\" class=\"gb-container-image has-background-dim\" object-fit=\"cover\"  src=\"http:\/\/www.malmarks.com\/wp-content\/uploads\/karriar-kontakt.jpg\" alt=\"\"\/><\/div><div class=\"gb-container-content\">\n<div class=\"wp-block-columns is-layout-flex wp-container-core-columns-is-layout-9d6595d7 wp-block-columns-is-layout-flex\">\n<div class=\"wp-block-column is-layout-flow wp-block-column-is-layout-flow\"><div class=\"wp-block-image\">\n<figure class=\"alignright size-full\"><img loading=\"lazy\" decoding=\"async\" width=\"600\" height=\"342\" src=\"http:\/\/www.malmarks.com\/wp-content\/uploads\/kontakt2.jpg\" alt=\"\" class=\"wp-image-114\" srcset=\"https:\/\/www.malmarks.com\/wp-content\/uploads\/kontakt2.jpg 600w, https:\/\/www.malmarks.com\/wp-content\/uploads\/kontakt2-300x171.jpg 300w\" sizes=\"auto, (max-width: 600px) 100vw, 600px\" \/><\/figure>\n<\/div><\/div>\n\n\n\n<div class=\"wp-block-column contactform cv is-layout-flow wp-block-column-is-layout-flow\">\n<h3 class=\"wp-block-heading\">Csatlakozna?<\/h3>\n\n\n\n<p>K\u00e9rj\u00fck, k\u00fcldje el el\u00e9rhet\u0151s\u00e9geit, \u00f6n\u00e9letrajz\u00e1t \u00e9s motiv\u00e1ci\u00f3s level\u00e9t, mi pedig a lehet\u0151 legr\u00f6videbb id\u0151n bel\u00fcl felvessz\u00fck \u00d6nnel a kapcsolatot.<\/p>\n\n\n\n<div class=\"wpcf7 no-js\" id=\"wpcf7-f1966-o1\" lang=\"hu-HU\" dir=\"ltr\" data-wpcf7-id=\"1966\">\n<div class=\"screen-reader-response\"><p role=\"status\" aria-live=\"polite\" aria-atomic=\"true\"><\/p> <ul><\/ul><\/div>\n<form action=\"\/hu\/wp-json\/wp\/v2\/pages\/1951#wpcf7-f1966-o1\" method=\"post\" class=\"wpcf7-form init\" aria-label=\"Kapcsolatfelv\u00e9teli \u0171rlap\" enctype=\"multipart\/form-data\" novalidate=\"novalidate\" data-status=\"init\">\n<fieldset class=\"hidden-fields-container\"><input type=\"hidden\" name=\"_wpcf7\" value=\"1966\" \/><input type=\"hidden\" name=\"_wpcf7_version\" value=\"6.1.4\" \/><input type=\"hidden\" name=\"_wpcf7_locale\" value=\"hu_HU\" \/><input type=\"hidden\" name=\"_wpcf7_unit_tag\" value=\"wpcf7-f1966-o1\" \/><input type=\"hidden\" name=\"_wpcf7_container_post\" value=\"0\" \/><input type=\"hidden\" name=\"_wpcf7_posted_data_hash\" value=\"\" \/>\n<\/fieldset>\n<div class=\"row\">\n\t<div class=\"col-lg-6\">\n\t\t<p><span class=\"wpcf7-form-control-wrap\" data-name=\"first-name\"><input size=\"40\" maxlength=\"400\" class=\"wpcf7-form-control wpcf7-text wpcf7-validates-as-required\" aria-required=\"true\" aria-invalid=\"false\" placeholder=\"Keresztn\u00e9v*\" value=\"\" type=\"text\" name=\"first-name\" \/><\/span>\n\t\t<\/p>\n\t<\/div>\n\t<div class=\"col-lg-6\">\n\t\t<p><span class=\"wpcf7-form-control-wrap\" data-name=\"last-name\"><input size=\"40\" maxlength=\"400\" class=\"wpcf7-form-control wpcf7-text wpcf7-validates-as-required\" aria-required=\"true\" aria-invalid=\"false\" placeholder=\"Vezet\u00e9kn\u00e9v*\" value=\"\" type=\"text\" name=\"last-name\" \/><\/span>\n\t\t<\/p>\n\t<\/div>\n\t<div class=\"col-lg-6\">\n\t\t<p><span class=\"wpcf7-form-control-wrap\" data-name=\"phone\"><input size=\"40\" maxlength=\"400\" class=\"wpcf7-form-control wpcf7-text\" aria-invalid=\"false\" placeholder=\"Telefonsz\u00e1m\" value=\"\" type=\"text\" name=\"phone\" \/><\/span>\n\t\t<\/p>\n\t<\/div>\n\t<div class=\"col-lg-6\">\n\t\t<p><span class=\"wpcf7-form-control-wrap\" data-name=\"email\"><input size=\"40\" maxlength=\"400\" class=\"wpcf7-form-control wpcf7-email wpcf7-validates-as-required wpcf7-text wpcf7-validates-as-email\" aria-required=\"true\" aria-invalid=\"false\" placeholder=\"email c\u00edm*\" value=\"\" type=\"email\" name=\"email\" \/><\/span>\n\t\t<\/p>\n\t<\/div>\n\t<div class=\"col-lg-6\">\n\t\t<p><span class=\"wpcf7-form-control-wrap\" data-name=\"message\"><textarea cols=\"40\" rows=\"10\" maxlength=\"2000\" class=\"wpcf7-form-control wpcf7-textarea\" aria-invalid=\"false\" placeholder=\"\u00dczenet\" name=\"message\"><\/textarea><\/span>\n\t\t<\/p>\n\t<\/div>\n\t<div class=\"col-lg-6\">\n\t\t<p><span class=\"wpcf7-form-control-wrap\" data-name=\"cv-file\"><input size=\"40\" class=\"wpcf7-form-control wpcf7-file\" accept=\".jpg,.pdf,.png,.doc,.docx\" aria-invalid=\"false\" type=\"file\" name=\"cv-file\" \/><\/span><br \/>\n<input class=\"wpcf7-form-control wpcf7-submit has-spinner\" type=\"submit\" value=\"K\u00fcld\u00e9s\" \/>\n\t\t<\/p>\n\t<\/div>\n<\/div><div class=\"wpcf7-response-output\" aria-hidden=\"true\"><\/div>\n<\/form>\n<\/div>\n\n<\/div>\n<\/div>\n<\/div><\/div><\/div>\n","protected":false},"excerpt":{"rendered":"","protected":false},"author":1,"featured_media":1248,"parent":0,"menu_order":0,"comment_status":"closed","ping_status":"closed","template":"","meta":{"footnotes":""},"class_list":["post-1951","page","type-page","status-publish","has-post-thumbnail","hentry"],"featured_image_src":"https:\/\/www.malmarks.com\/wp-content\/uploads\/team-1-600x400.jpg","featured_image_src_square":"https:\/\/www.malmarks.com\/wp-content\/uploads\/team-1-600x425.jpg","_links":{"self":[{"href":"https:\/\/www.malmarks.com\/hu\/wp-json\/wp\/v2\/pages\/1951","targetHints":{"allow":["GET"]}}],"collection":[{"href":"https:\/\/www.malmarks.com\/hu\/wp-json\/wp\/v2\/pages"}],"about":[{"href":"https:\/\/www.malmarks.com\/hu\/wp-json\/wp\/v2\/types\/page"}],"author":[{"embeddable":true,"href":"https:\/\/www.malmarks.com\/hu\/wp-json\/wp\/v2\/users\/1"}],"replies":[{"embeddable":true,"href":"https:\/\/www.malmarks.com\/hu\/wp-json\/wp\/v2\/comments?post=1951"}],"version-history":[{"count":2,"href":"https:\/\/www.malmarks.com\/hu\/wp-json\/wp\/v2\/pages\/1951\/revisions"}],"predecessor-version":[{"id":1953,"href":"https:\/\/www.malmarks.com\/hu\/wp-json\/wp\/v2\/pages\/1951\/revisions\/1953"}],"wp:featuredmedia":[{"embeddable":true,"href":"https:\/\/www.malmarks.com\/hu\/wp-json\/wp\/v2\/media\/1248"}],"wp:attachment":[{"href":"https:\/\/www.malmarks.com\/hu\/wp-json\/wp\/v2\/media?parent=1951"}],"curies":[{"name":"wp","href":"https:\/\/api.w.org\/{rel}","templated":true}]}}